{"id":3993,"date":"2024-01-26T10:07:23","date_gmt":"2024-01-26T10:07:23","guid":{"rendered":"https:\/\/www.ardh.pt\/?page_id=3993"},"modified":"2025-09-12T09:20:28","modified_gmt":"2025-09-12T09:20:28","slug":"sociedade-2","status":"publish","type":"page","link":"https:\/\/www.ardh.pt\/en\/sociedade-2\/","title":{"rendered":"Society"},"content":{"rendered":"<div class=\"wp-block-image\">\n<figure class=\"aligncenter size-large\"><img loading=\"lazy\" decoding=\"async\" width=\"1024\" height=\"182\" src=\"https:\/\/www.ardh.pt\/wp-content\/uploads\/2024\/02\/9.-Sociedade-Capa-1024x182.jpg\" alt=\"\" class=\"wp-image-4297\" srcset=\"https:\/\/www.ardh.pt\/wp-content\/uploads\/2024\/02\/9.-Sociedade-Capa-1024x182.jpg 1024w, https:\/\/www.ardh.pt\/wp-content\/uploads\/2024\/02\/9.-Sociedade-Capa-300x53.jpg 300w, https:\/\/www.ardh.pt\/wp-content\/uploads\/2024\/02\/9.-Sociedade-Capa-768x136.jpg 768w, https:\/\/www.ardh.pt\/wp-content\/uploads\/2024\/02\/9.-Sociedade-Capa-1536x272.jpg 1536w, https:\/\/www.ardh.pt\/wp-content\/uploads\/2024\/02\/9.-Sociedade-Capa-2048x363.jpg 2048w, https:\/\/www.ardh.pt\/wp-content\/uploads\/2024\/02\/9.-Sociedade-Capa-18x3.jpg 18w\" sizes=\"auto, (max-width: 1024px) 100vw, 1024px\" \/><\/figure>\n<\/div>\n\n<div id=\"pl-gb3993-69e8c910578b9\"  class=\"panel-layout wp-block-siteorigin-panels-layout-block\" ><div id=\"pg-gb3993-69e8c910578b9-0\"  class=\"panel-grid panel-no-style\" ><div id=\"pgc-gb3993-69e8c910578b9-0-0\"  class=\"panel-grid-cell\" ><div id=\"panel-gb3993-69e8c910578b9-0-0-0\" class=\"so-panel widget widget_sow-editor panel-first-child panel-last-child\" data-index=\"0\" ><div\n\t\t\t\n\t\t\tclass=\"so-widget-sow-editor so-widget-sow-editor-base\"\n\t\t\t\n\t\t>\n<div class=\"siteorigin-widget-tinymce textwidget\">\n\t<h5>RUM &#8211; R\u00e1dio Universit\u00e1ria do Minho | Podcast UMind | Epis\u00f3dio 3 | Pr\u00e1tica de exerc\u00edcio f\u00edsico | <a href=\"https:\/\/rum.pt\/shows\/umind\" target=\"_blank\" rel=\"noopener\">See more<\/a><\/h5>\n<hr \/>\n<h5>Tempo Livre | 2025 | Sa\u00fade mental em atletas | Mental health of young athletes | <a href=\"https:\/\/tempolivre.pt\/dicas\/saude-mental-de-jovens-atletas\/\">See more<\/a><\/h5>\n<hr \/>\n<h5><b>P\u00fablico |2025| Final de carreira no desporto | Transition in sports | <a href=\"https:\/\/www.publico.pt\/2025\/02\/05\/impar\/noticia\/ronaldo-afasta-planos-reforma-decide-hora-deixar-carreira-2121320?fbclid=IwY2xjawITWEVleHRuA2FlbQIxMQABHa-h0EKOjQCeg5rYVJ6iJwp8qoBjqQJfab2BPVXlMtPT-VoAcv9ynuLO9w_aem_XNPRD2WrNTzfmIzj50--4A&amp;sfnsn=wa\">See more\u00a0<\/a><\/b><\/h5>\n<hr \/>\n<h5><b>Springer Nature | 2025| <\/b><b>Final de carreira no desporto | Transition in sports | <a href=\"https:\/\/communities.springernature.com\/posts\/the-mediating-role-of-perfectionism-in-parental-involvement-and-young-athletes-performance\">See more\u00a0<\/a><\/b><\/h5>\n<hr \/>\n<h5><b>Podcast Bussinger\u00a0| \u00a02025 | Di\u00e1rio do Treinador |\u00a0<a href=\"https:\/\/soundcloud.com\/gabriel-bussinger-494547733\/14_diario_do_treinador_lideran\" target=\"_blank\" rel=\"noopener\" data-saferedirecturl=\"https:\/\/www.google.com\/url?q=https:\/\/soundcloud.com\/gabriel-bussinger-494547733\/14_diario_do_treinador_lideran&amp;source=gmail&amp;ust=1740493844454000&amp;usg=AOvVaw3t4P2P4JQwrdLTJLGY8fyR\">Leadership<\/a>\u00a0|\u00a0<a href=\"https:\/\/soundcloud.com\/gabriel-bussinger-494547733\/11_diario_de_um_treinador_filo\" target=\"_blank\" rel=\"noopener\" data-saferedirecturl=\"https:\/\/www.google.com\/url?q=https:\/\/soundcloud.com\/gabriel-bussinger-494547733\/11_diario_de_um_treinador_filo&amp;source=gmail&amp;ust=1740493844454000&amp;usg=AOvVaw0OTM5_pxvKsKypkiUeqMnY\">Philosophy<\/a><\/b><\/h5>\n<hr \/>\n<h5 class=\"x_MsoNormal\"><strong>Porto Canal | 2024 | Desporto juvenil: Contributos da psicologia para o desenvolvimento dos atletas<\/strong> | <a href=\"https:\/\/www.facebook.com\/reel\/786862623382410\">See more<\/a><\/h5>\n<hr \/>\n<h5>Antena 1 | 2023 | 90 seconds of science | Leadership efficacy <a href=\"https:\/\/www.90segundosdeciencia.pt\/episodes\/ep-1511-rui-gomes\/\">See more<\/a><\/h5>\n<hr \/>\n<h5>JN Not\u00edcias Magazine | 2023 | Counterfeit clothes are in fashion <a href=\"https:\/\/www.noticiasmagazine.pt\/2023\/a-roupa-contrafeita-esta-na-moda\/estilos\/comportamento\/289142\/\" target=\"_blank\" rel=\"noopener\">See more<\/a><\/h5>\n<hr \/>\n<h5>UCP | 2022 |\u00a0<b>Qual o impacto do stress nos estudantes de Psicologia? <\/b>| <a href=\"https:\/\/fep.porto.ucp.pt\/pt-pt\/noticias\/qual-o-impacto-do-stress-nos-estudantes-de-psicologia-fep-participa-em-estudo-sobre-o-stress-46151?fbclid=IwAR1KZTpH4L1M_utI7O_QCFfIRO_S43GXqqilagQm35exY6K_AwgPYahor-0\" target=\"_blank\" rel=\"noopener\">See more<\/a><\/h5>\n<hr \/>\n<h5>N\u00f3s, UMinho online newspaper | 2022 | Can parents facilitate or hinder their children's sports training? | <a href=\"http:\/\/www.nos.uminho.pt\/Article.aspx?id=3623\" target=\"_blank\" rel=\"noopener\">See more<\/a><\/h5>\n<hr \/>\n<h5>LRUM - Minho University Radio | 2021 | Leadership in sports <a href=\"https:\/\/api.rum.pt\/api\/podcast\/6389d2c0a6a96d3ad85e32c3\/download\" target=\"_blank\" rel=\"noopener\">See more<\/a><\/h5>\n<hr \/>\n<h5>Newspaper i Inevit\u00e1vel | 2021 | Leadership and firing <a href=\"http:\/\/www.ardh.pt\/en\/documentos\/press\/2021-Jornal I-Lideran\u00e7a.pdf\/\" target=\"_blank\" rel=\"noopener\">See more<\/a><\/h5>\n<hr \/>\n<h5>RUM - Minho University Radio | 2021| Coach-athlete relationship <a href=\"https:\/\/soundcloud.com\/ardh-grupo-de-investigacao\/rumo-desportivo-prof-rui-gomes\" target=\"_blank\" rel=\"noopener\">See more<\/a><\/h5>\n<hr \/>\n<h5>A\u00e7oriano Oriental | 2021 | Lack of regular sports practice may cause damage in self-esteem | <a href=\"https:\/\/www.acorianooriental.pt\/noticia\/falta-de-pratica-desportiva-regular-pode-causar-danos-na-autoestima-321785\" target=\"_blank\" rel=\"noopener\">See more<\/a><\/h5>\n<hr \/>\n<h5>JN noticias magazine | 2020 | Rivalidade: Da motiva\u00e7\u00e3o \u00e0 falta de \u00e9tica | <a href=\"http:\/\/www.ardh.pt\/en\/documentos\/press\/2021-JN-Rivalidade e competi\u00e7\u00e3o.pdf\/\" target=\"_blank\" rel=\"noopener\">See more<\/a><\/h5>\n<hr \/>\n<h5>RTP1 Madeira | 2020 | Impact of lack of audience in players' performance |<a href=\"https:\/\/youtu.be\/J7O3-k41Rp4\" target=\"_blank\" rel=\"noopener\"> See more<\/a><\/h5>\n<hr \/>\n<h5>Record | 2020 | Garden of stars | <a href=\"http:\/\/www.ardh.pt\/en\/documentos\/press\/record.pdf\/\" target=\"_blank\" rel=\"noopener\">See more<\/a><\/h5>\n<hr \/>\n<h5>Jornal de Not\u00edcias | 2020 | Physical exercise and psychological factors | <a href=\"http:\/\/www.ardh.pt\/en\/documentos\/2020-JN-Exerc\u00edcio f\u00edsico.pdf\/\" target=\"_blank\" rel=\"noopener\">See more<\/a><\/h5>\n<hr \/>\n<h5>Antena 1 | 2019 | Burnout Syndrome | <a href=\"https:\/\/cl.ly\/29f224230021\" target=\"_blank\" rel=\"noopener\">See more<\/a><\/h5>\n<hr \/>\n<h5>N\u00f3s, UMinho Online Newspaper | 2018 | Ready? 3... 2... 1... Vacation | <a href=\"http:\/\/www.nos.uminho.pt\/Article.aspx?id=3354\" target=\"_blank\" rel=\"noopener\">See more<\/a><\/h5>\n<hr \/>\n<h5>AAUM | 2018 | Sports Awards | Psy\u25cfPerformance |\u00a0 <a href=\"https:\/\/goo.gl\/eTvNzV\" target=\"_blank\" rel=\"noopener\">See more<\/a><\/h5>\n<hr \/>\n<h5>Vis\u00e3o Magazine | 2017 | Parental pressure <a href=\"http:\/\/www.ardh.pt\/en\/documentos\/2017-Visao-Pressao parental.pdf\/\" target=\"_blank\" rel=\"noopener\">See more<\/a><\/h5>\n<hr \/>\n<h5>Enfermeiro [Nurse] Newspaper | 2017 | Occupational stress <a href=\"http:\/\/www.ardh.pt\/en\/documentos\/2017-Jornal Enfermeiro-Stress enfermeiros.pdf\/\" target=\"_blank\" rel=\"noopener\">See more<\/a><\/h5>\n<hr \/>\n<h5>TVI | 2016 | Occupational stress | <a href=\"http:\/\/www.ardh.pt\/en\/documentos\/2016-TVI-Stress enfermeiros.mp4\/\" target=\"_blank\" rel=\"noopener\">See more<\/a><\/h5>\n<hr \/>\n<h5>DN Newspaper | 2016 | Occupational stress | <a href=\"http:\/\/www.ardh.pt\/en\/documentos\/2016-DN-Stress enfermeiros.pdf\/\" target=\"_blank\" rel=\"noopener\">See more<\/a><\/h5>\n<hr \/>\n<h5>GMR TV | 2015 | Youth sports training | <a href=\"http:\/\/www.ardh.pt\/en\/documentos\/2015-GMR TV-Estudo formacao desportiva.jpg\/\" target=\"_blank\" rel=\"noopener\">See more<\/a><\/h5>\n<hr \/>\n<h5>Di\u00e1rio do Minho | 2015 | Leadership | <a href=\"http:\/\/www.ardh.pt\/en\/documentos\/2015-Diario do Minho-Lideranca.pdf\/\" target=\"_blank\" rel=\"noopener\">See more<\/a><\/h5>\n<hr \/>\n<h5>Correio do Minho | 2015 | Youth sports training | <a href=\"http:\/\/www.ardh.pt\/en\/documentos\/2015-Correio do Minho-Estudo formacao desportiva.jpg\/\" target=\"_blank\" rel=\"noopener\">See more<\/a><\/h5>\n<hr \/>\n<h5>Di\u00e1rio do Minho | 2014 | Youth sports training | <a href=\"http:\/\/www.ardh.pt\/en\/documentos\/2014-Diario do Minho-Lideranca.pdf\/\" target=\"_blank\" rel=\"noopener\">See more<\/a><\/h5>\n<hr \/>\n<h5>Correio do Minho | 2014 | Youth sports training | <a href=\"http:\/\/www.ardh.pt\/en\/documentos\/2014-Correio do Minho-Estudo formacao desportiva.pdf\/\" target=\"_blank\" rel=\"noopener\">See more<\/a><\/h5>\n<hr \/>\n<h5>Trigal Magazine | 2013 | <a href=\"http:\/\/www.ardh.pt\/en\/documentos\/13prom.pdf\/\" target=\"_blank\" rel=\"noopener\">See more<\/a><\/h5>\n<hr \/>\n<h5>A Bola newspaper | 2012 | Handball Book <a href=\"http:\/\/www.ardh.pt\/en\/documentos\/2012-Jornal Abola-Livro Andebol.jpg\/\" target=\"_blank\" rel=\"noopener\">See more<\/a><\/h5>\n<hr \/>\n<h5>Ideias Frescas magazine | 2011 | <a href=\"http:\/\/www.ardh.pt\/en\/documentos\/11ideias.pdf\/\" target=\"_blank\" rel=\"noopener\">See more<\/a><\/h5>\n<hr \/>\n<h5>Focus magazine | 2011 | Occupational stress | <a href=\"http:\/\/www.ardh.pt\/en\/documentos\/2011-Revista Focus-Stress ocupacional.pdf\/\" target=\"_blank\" rel=\"noopener\">See more<\/a><\/h5>\n<hr \/>\n<h5>Expresso newspaper | 2011 | Parental pressure | <a href=\"http:\/\/www.ardh.pt\/en\/documentos\/2011-Expresso-Pressao parental.pdf\/\" target=\"_blank\" rel=\"noopener\">See more<\/a><\/h5>\n<hr \/>\n<h5>Trigal Magazine | 2010 | <a href=\"http:\/\/www.ardh.pt\/en\/documentos\/press\/2010_1.pdf\/\" target=\"_blank\" rel=\"noopener\">News 1<\/a> |\u00a0<a href=\"http:\/\/www.ardh.pt\/en\/documentos\/2010_2.pdf\/\" target=\"_blank\" rel=\"noopener\">News 2<\/a><\/h5>\n<hr \/>\n<h5>Trigal Magazine | 2009 | <a href=\"http:\/\/www.ardh.pt\/en\/documentos\/2009.pdf\/\" target=\"_blank\" rel=\"noopener\">See more<\/a><\/h5>\n<\/div>\n<\/div><\/div><\/div><\/div><\/div>\n\n\n<p><\/p>","protected":false},"excerpt":{"rendered":"","protected":false},"author":12,"featured_media":0,"parent":0,"menu_order":0,"comment_status":"closed","ping_status":"closed","template":"page-templates\/pagebuilder.php","meta":{"om_disable_all_campaigns":false,"_monsterinsights_skip_tracking":false,"_monsterinsights_sitenote_active":false,"_monsterinsights_sitenote_note":"","_monsterinsights_sitenote_category":0,"_uf_show_specific_survey":0,"_uf_disable_surveys":false,"footnotes":""},"class_list":["post-3993","page","type-page","status-publish","hentry"],"yoast_head":"<!-- This site is optimized with the Yoast SEO plugin v24.1 - https:\/\/yoast.com\/wordpress\/plugins\/seo\/ -->\n<title>Sociedade - ARDH-GI<\/title>\n<meta name=\"robots\" content=\"index, follow, max-snippet:-1, max-image-preview:large, max-video-preview:-1\" \/>\n<link rel=\"canonical\" href=\"https:\/\/www.ardh.pt\/en\/sociedade-2\/\" \/>\n<meta property=\"og:locale\" content=\"en_GB\" \/>\n<meta property=\"og:type\" content=\"article\" \/>\n<meta property=\"og:title\" content=\"Sociedade - ARDH-GI\" \/>\n<meta property=\"og:url\" content=\"https:\/\/www.ardh.pt\/en\/sociedade-2\/\" \/>\n<meta property=\"og:site_name\" content=\"ARDH-GI\" \/>\n<meta property=\"article:modified_time\" content=\"2025-09-12T09:20:28+00:00\" \/>\n<meta property=\"og:image\" content=\"https:\/\/www.ardh.pt\/wp-content\/uploads\/2024\/02\/9.-Sociedade-Capa-scaled.jpg\" \/>\n\t<meta property=\"og:image:width\" content=\"2560\" \/>\n\t<meta property=\"og:image:height\" content=\"454\" \/>\n\t<meta property=\"og:image:type\" content=\"image\/jpeg\" \/>\n<meta name=\"twitter:card\" content=\"summary_large_image\" \/>\n<meta name=\"twitter:label1\" content=\"Estimated reading time\" \/>\n\t<meta name=\"twitter:data1\" content=\"3 minutes\" \/>\n<script type=\"application\/ld+json\" class=\"yoast-schema-graph\">{\"@context\":\"https:\/\/schema.org\",\"@graph\":[{\"@type\":\"WebPage\",\"@id\":\"https:\/\/www.ardh.pt\/sociedade-2\/\",\"url\":\"https:\/\/www.ardh.pt\/sociedade-2\/\",\"name\":\"Sociedade - ARDH-GI\",\"isPartOf\":{\"@id\":\"https:\/\/www.ardh.pt\/#website\"},\"primaryImageOfPage\":{\"@id\":\"https:\/\/www.ardh.pt\/sociedade-2\/#primaryimage\"},\"image\":{\"@id\":\"https:\/\/www.ardh.pt\/sociedade-2\/#primaryimage\"},\"thumbnailUrl\":\"https:\/\/www.ardh.pt\/wp-content\/uploads\/2024\/02\/9.-Sociedade-Capa-1024x182.jpg\",\"datePublished\":\"2024-01-26T10:07:23+00:00\",\"dateModified\":\"2025-09-12T09:20:28+00:00\",\"breadcrumb\":{\"@id\":\"https:\/\/www.ardh.pt\/sociedade-2\/#breadcrumb\"},\"inLanguage\":\"en-GB\",\"potentialAction\":[{\"@type\":\"ReadAction\",\"target\":[\"https:\/\/www.ardh.pt\/sociedade-2\/\"]}]},{\"@type\":\"ImageObject\",\"inLanguage\":\"en-GB\",\"@id\":\"https:\/\/www.ardh.pt\/sociedade-2\/#primaryimage\",\"url\":\"https:\/\/www.ardh.pt\/wp-content\/uploads\/2024\/02\/9.-Sociedade-Capa-1024x182.jpg\",\"contentUrl\":\"https:\/\/www.ardh.pt\/wp-content\/uploads\/2024\/02\/9.-Sociedade-Capa-1024x182.jpg\"},{\"@type\":\"BreadcrumbList\",\"@id\":\"https:\/\/www.ardh.pt\/sociedade-2\/#breadcrumb\",\"itemListElement\":[{\"@type\":\"ListItem\",\"position\":1,\"name\":\"In\u00edcio\",\"item\":\"https:\/\/www.ardh.pt\/\"},{\"@type\":\"ListItem\",\"position\":2,\"name\":\"Sociedade\"}]},{\"@type\":\"WebSite\",\"@id\":\"https:\/\/www.ardh.pt\/#website\",\"url\":\"https:\/\/www.ardh.pt\/\",\"name\":\"ARDH-GI\",\"description\":\"Adapta\u00e7\u00e3o, Rendimento e Desenvolvimento Humano\",\"publisher\":{\"@id\":\"https:\/\/www.ardh.pt\/#organization\"},\"potentialAction\":[{\"@type\":\"SearchAction\",\"target\":{\"@type\":\"EntryPoint\",\"urlTemplate\":\"https:\/\/www.ardh.pt\/?s={search_term_string}\"},\"query-input\":{\"@type\":\"PropertyValueSpecification\",\"valueRequired\":true,\"valueName\":\"search_term_string\"}}],\"inLanguage\":\"en-GB\"},{\"@type\":\"Organization\",\"@id\":\"https:\/\/www.ardh.pt\/#organization\",\"name\":\"Adapta\u00e7\u00e3o Rendimento e Desenvolvimento Humano\",\"url\":\"https:\/\/www.ardh.pt\/\",\"logo\":{\"@type\":\"ImageObject\",\"inLanguage\":\"en-GB\",\"@id\":\"https:\/\/www.ardh.pt\/#\/schema\/logo\/image\/\",\"url\":\"https:\/\/www.ardh.pt\/wp-content\/uploads\/2018\/02\/Desenho-sem-nome-e1518629927584.png\",\"contentUrl\":\"https:\/\/www.ardh.pt\/wp-content\/uploads\/2018\/02\/Desenho-sem-nome-e1518629927584.png\",\"width\":300,\"height\":60,\"caption\":\"Adapta\u00e7\u00e3o Rendimento e Desenvolvimento Humano\"},\"image\":{\"@id\":\"https:\/\/www.ardh.pt\/#\/schema\/logo\/image\/\"}}]}<\/script>\n<!-- \/ Yoast SEO plugin. -->","yoast_head_json":{"title":"Sociedade - ARDH-GI","robots":{"index":"index","follow":"follow","max-snippet":"max-snippet:-1","max-image-preview":"max-image-preview:large","max-video-preview":"max-video-preview:-1"},"canonical":"https:\/\/www.ardh.pt\/en\/sociedade-2\/","og_locale":"en_GB","og_type":"article","og_title":"Sociedade - ARDH-GI","og_url":"https:\/\/www.ardh.pt\/en\/sociedade-2\/","og_site_name":"ARDH-GI","article_modified_time":"2025-09-12T09:20:28+00:00","og_image":[{"width":2560,"height":454,"url":"https:\/\/www.ardh.pt\/wp-content\/uploads\/2024\/02\/9.-Sociedade-Capa-scaled.jpg","type":"image\/jpeg"}],"twitter_card":"summary_large_image","twitter_misc":{"Estimated reading time":"3 minutes"},"schema":{"@context":"https:\/\/schema.org","@graph":[{"@type":"WebPage","@id":"https:\/\/www.ardh.pt\/sociedade-2\/","url":"https:\/\/www.ardh.pt\/sociedade-2\/","name":"Sociedade - ARDH-GI","isPartOf":{"@id":"https:\/\/www.ardh.pt\/#website"},"primaryImageOfPage":{"@id":"https:\/\/www.ardh.pt\/sociedade-2\/#primaryimage"},"image":{"@id":"https:\/\/www.ardh.pt\/sociedade-2\/#primaryimage"},"thumbnailUrl":"https:\/\/www.ardh.pt\/wp-content\/uploads\/2024\/02\/9.-Sociedade-Capa-1024x182.jpg","datePublished":"2024-01-26T10:07:23+00:00","dateModified":"2025-09-12T09:20:28+00:00","breadcrumb":{"@id":"https:\/\/www.ardh.pt\/sociedade-2\/#breadcrumb"},"inLanguage":"en-GB","potentialAction":[{"@type":"ReadAction","target":["https:\/\/www.ardh.pt\/sociedade-2\/"]}]},{"@type":"ImageObject","inLanguage":"en-GB","@id":"https:\/\/www.ardh.pt\/sociedade-2\/#primaryimage","url":"https:\/\/www.ardh.pt\/wp-content\/uploads\/2024\/02\/9.-Sociedade-Capa-1024x182.jpg","contentUrl":"https:\/\/www.ardh.pt\/wp-content\/uploads\/2024\/02\/9.-Sociedade-Capa-1024x182.jpg"},{"@type":"BreadcrumbList","@id":"https:\/\/www.ardh.pt\/sociedade-2\/#breadcrumb","itemListElement":[{"@type":"ListItem","position":1,"name":"In\u00edcio","item":"https:\/\/www.ardh.pt\/"},{"@type":"ListItem","position":2,"name":"Sociedade"}]},{"@type":"WebSite","@id":"https:\/\/www.ardh.pt\/#website","url":"https:\/\/www.ardh.pt\/","name":"ARDH-GI","description":"Adapta\u00e7\u00e3o, Rendimento e Desenvolvimento Humano","publisher":{"@id":"https:\/\/www.ardh.pt\/#organization"},"potentialAction":[{"@type":"SearchAction","target":{"@type":"EntryPoint","urlTemplate":"https:\/\/www.ardh.pt\/?s={search_term_string}"},"query-input":{"@type":"PropertyValueSpecification","valueRequired":true,"valueName":"search_term_string"}}],"inLanguage":"en-GB"},{"@type":"Organization","@id":"https:\/\/www.ardh.pt\/#organization","name":"Adapta\u00e7\u00e3o Rendimento e Desenvolvimento Humano","url":"https:\/\/www.ardh.pt\/","logo":{"@type":"ImageObject","inLanguage":"en-GB","@id":"https:\/\/www.ardh.pt\/#\/schema\/logo\/image\/","url":"https:\/\/www.ardh.pt\/wp-content\/uploads\/2018\/02\/Desenho-sem-nome-e1518629927584.png","contentUrl":"https:\/\/www.ardh.pt\/wp-content\/uploads\/2018\/02\/Desenho-sem-nome-e1518629927584.png","width":300,"height":60,"caption":"Adapta\u00e7\u00e3o Rendimento e Desenvolvimento Humano"},"image":{"@id":"https:\/\/www.ardh.pt\/#\/schema\/logo\/image\/"}}]}},"_links":{"self":[{"href":"https:\/\/www.ardh.pt\/en\/wp-json\/wp\/v2\/pages\/3993","targetHints":{"allow":["GET"]}}],"collection":[{"href":"https:\/\/www.ardh.pt\/en\/wp-json\/wp\/v2\/pages"}],"about":[{"href":"https:\/\/www.ardh.pt\/en\/wp-json\/wp\/v2\/types\/page"}],"author":[{"embeddable":true,"href":"https:\/\/www.ardh.pt\/en\/wp-json\/wp\/v2\/users\/12"}],"replies":[{"embeddable":true,"href":"https:\/\/www.ardh.pt\/en\/wp-json\/wp\/v2\/comments?post=3993"}],"version-history":[{"count":35,"href":"https:\/\/www.ardh.pt\/en\/wp-json\/wp\/v2\/pages\/3993\/revisions"}],"predecessor-version":[{"id":4839,"href":"https:\/\/www.ardh.pt\/en\/wp-json\/wp\/v2\/pages\/3993\/revisions\/4839"}],"wp:attachment":[{"href":"https:\/\/www.ardh.pt\/en\/wp-json\/wp\/v2\/media?parent=3993"}],"curies":[{"name":"wp","href":"https:\/\/api.w.org\/{rel}","templated":true}]}}