{"id":3996,"date":"2024-02-16T19:59:18","date_gmt":"2024-02-16T19:59:18","guid":{"rendered":"https:\/\/www.ardh.pt\/?page_id=3996"},"modified":"2024-05-23T16:13:22","modified_gmt":"2024-05-23T16:13:22","slug":"1-teoria-e-pratica","status":"publish","type":"page","link":"https:\/\/www.ardh.pt\/en\/1-teoria-e-pratica\/","title":{"rendered":"Theory and practice"},"content":{"rendered":"<div class=\"wp-block-image\">\n<figure class=\"aligncenter size-large\"><img loading=\"lazy\" decoding=\"async\" width=\"1024\" height=\"171\" src=\"https:\/\/www.ardh.pt\/wp-content\/uploads\/2024\/02\/1.-Teoria-e-Pratica-CapaV2-1024x171.jpg\" alt=\"\" class=\"wp-image-4184\" srcset=\"https:\/\/www.ardh.pt\/wp-content\/uploads\/2024\/02\/1.-Teoria-e-Pratica-CapaV2-1024x171.jpg 1024w, https:\/\/www.ardh.pt\/wp-content\/uploads\/2024\/02\/1.-Teoria-e-Pratica-CapaV2-300x50.jpg 300w, https:\/\/www.ardh.pt\/wp-content\/uploads\/2024\/02\/1.-Teoria-e-Pratica-CapaV2-768x128.jpg 768w, https:\/\/www.ardh.pt\/wp-content\/uploads\/2024\/02\/1.-Teoria-e-Pratica-CapaV2-1536x257.jpg 1536w, https:\/\/www.ardh.pt\/wp-content\/uploads\/2024\/02\/1.-Teoria-e-Pratica-CapaV2-2048x343.jpg 2048w, https:\/\/www.ardh.pt\/wp-content\/uploads\/2024\/02\/1.-Teoria-e-Pratica-CapaV2-18x3.jpg 18w\" sizes=\"auto, (max-width: 1024px) 100vw, 1024px\" \/><\/figure>\n<\/div>\n\n\n<p>Our research group dedicates efforts to study the importance of life skills in adaptation, performance, and human development in different life contexts. In this link you will find materials regarding the theoretical foundations of our research and intervention.<\/p>\n\n\n\n<p><\/p>\n\n\n<div id=\"pl-gb3996-69e8c982253aa\"  class=\"panel-layout\" ><div id=\"pg-gb3996-69e8c982253aa-0\"  class=\"panel-grid panel-no-style\" ><div id=\"pgc-gb3996-69e8c982253aa-0-0\"  class=\"panel-grid-cell\" ><div id=\"panel-gb3996-69e8c982253aa-0-0-0\" class=\"so-panel widget widget_sow-image panel-first-child panel-last-child\" data-index=\"0\" ><div\n\t\t\t\n\t\t\tclass=\"so-widget-sow-image so-widget-sow-image-default-c51dee969737-3996\"\n\t\t\t\n\t\t>\n\n<div class=\"sow-image-container\">\n\t\t\t<a href=\"https:\/\/www.ardh.pt\/en\/?page_id=4135&#038;preview=true\"\n\t\t\t\t\t>\n\t\t\t<img loading=\"lazy\" decoding=\"async\" src=\"https:\/\/www.ardh.pt\/wp-content\/uploads\/2024\/02\/Publicacoes22.jpg\" width=\"1296\" height=\"864\" srcset=\"https:\/\/www.ardh.pt\/wp-content\/uploads\/2024\/02\/Publicacoes22.jpg 1296w, https:\/\/www.ardh.pt\/wp-content\/uploads\/2024\/02\/Publicacoes22-300x200.jpg 300w, https:\/\/www.ardh.pt\/wp-content\/uploads\/2024\/02\/Publicacoes22-1024x683.jpg 1024w, https:\/\/www.ardh.pt\/wp-content\/uploads\/2024\/02\/Publicacoes22-768x512.jpg 768w, https:\/\/www.ardh.pt\/wp-content\/uploads\/2024\/02\/Publicacoes22-18x12.jpg 18w, https:\/\/www.ardh.pt\/wp-content\/uploads\/2024\/02\/Publicacoes22-272x182.jpg 272w\" sizes=\"auto, (max-width: 1296px) 100vw, 1296px\" title=\"Publications\" alt=\"\" \t\tclass=\"so-widget-image\"\/>\n\t<\/a><\/div>\n\n<h3 class=\"widget-title\">\t\t<a href=\"https:\/\/www.ardh.pt\/en\/?page_id=4135&#038;preview=true\"\n\t\t\t\t\t>\n\t\tPublications<\/a><\/h3><\/div><\/div><\/div><div id=\"pgc-gb3996-69e8c982253aa-0-1\"  class=\"panel-grid-cell\" ><div id=\"panel-gb3996-69e8c982253aa-0-1-0\" class=\"so-panel widget widget_sow-image panel-first-child panel-last-child\" data-index=\"1\" ><div\n\t\t\t\n\t\t\tclass=\"so-widget-sow-image so-widget-sow-image-default-c51dee969737-3996\"\n\t\t\t\n\t\t>\n\n<div class=\"sow-image-container\">\n\t\t\t<a href=\"https:\/\/www.ardh.pt\/en\/?page_id=4110&#038;preview=true\"\n\t\t\t\t\t>\n\t\t\t<img loading=\"lazy\" decoding=\"async\" src=\"https:\/\/www.ardh.pt\/wp-content\/uploads\/2024\/02\/alex-litvin-MAYsdoYpGuk-unsplash11-scaled.jpg\" width=\"2560\" height=\"1707\" srcset=\"https:\/\/www.ardh.pt\/wp-content\/uploads\/2024\/02\/alex-litvin-MAYsdoYpGuk-unsplash11-scaled.jpg 2560w, https:\/\/www.ardh.pt\/wp-content\/uploads\/2024\/02\/alex-litvin-MAYsdoYpGuk-unsplash11-300x200.jpg 300w, https:\/\/www.ardh.pt\/wp-content\/uploads\/2024\/02\/alex-litvin-MAYsdoYpGuk-unsplash11-1024x683.jpg 1024w, https:\/\/www.ardh.pt\/wp-content\/uploads\/2024\/02\/alex-litvin-MAYsdoYpGuk-unsplash11-768x512.jpg 768w, https:\/\/www.ardh.pt\/wp-content\/uploads\/2024\/02\/alex-litvin-MAYsdoYpGuk-unsplash11-1536x1024.jpg 1536w, https:\/\/www.ardh.pt\/wp-content\/uploads\/2024\/02\/alex-litvin-MAYsdoYpGuk-unsplash11-2048x1365.jpg 2048w, https:\/\/www.ardh.pt\/wp-content\/uploads\/2024\/02\/alex-litvin-MAYsdoYpGuk-unsplash11-18x12.jpg 18w, https:\/\/www.ardh.pt\/wp-content\/uploads\/2024\/02\/alex-litvin-MAYsdoYpGuk-unsplash11-272x182.jpg 272w\" sizes=\"auto, (max-width: 2560px) 100vw, 2560px\" title=\"Presentations\" alt=\"\" \t\tclass=\"so-widget-image\"\/>\n\t<\/a><\/div>\n\n<h3 class=\"widget-title\">\t\t<a href=\"https:\/\/www.ardh.pt\/en\/?page_id=4110&#038;preview=true\"\n\t\t\t\t\t>\n\t\tPresentations<\/a><\/h3><\/div><\/div><\/div><div id=\"pgc-gb3996-69e8c982253aa-0-2\"  class=\"panel-grid-cell\" ><div id=\"panel-gb3996-69e8c982253aa-0-2-0\" class=\"so-panel widget widget_sow-image panel-first-child panel-last-child\" data-index=\"2\" ><div\n\t\t\t\n\t\t\tclass=\"so-widget-sow-image so-widget-sow-image-default-c51dee969737-3996\"\n\t\t\t\n\t\t>\n\n<div class=\"sow-image-container\">\n\t\t\t<a href=\"https:\/\/www.ardh.pt\/en\/?page_id=4088&#038;preview=true\"\n\t\t\t\t\t>\n\t\t\t<img loading=\"lazy\" decoding=\"async\" src=\"https:\/\/www.ardh.pt\/wp-content\/uploads\/2024\/02\/leuchtturm-entertainment-boCDlcZvaJI-unsplash11_11zon-scaled.jpg\" width=\"2560\" height=\"1707\" srcset=\"https:\/\/www.ardh.pt\/wp-content\/uploads\/2024\/02\/leuchtturm-entertainment-boCDlcZvaJI-unsplash11_11zon-scaled.jpg 2560w, https:\/\/www.ardh.pt\/wp-content\/uploads\/2024\/02\/leuchtturm-entertainment-boCDlcZvaJI-unsplash11_11zon-300x200.jpg 300w, https:\/\/www.ardh.pt\/wp-content\/uploads\/2024\/02\/leuchtturm-entertainment-boCDlcZvaJI-unsplash11_11zon-1024x683.jpg 1024w, https:\/\/www.ardh.pt\/wp-content\/uploads\/2024\/02\/leuchtturm-entertainment-boCDlcZvaJI-unsplash11_11zon-768x512.jpg 768w, https:\/\/www.ardh.pt\/wp-content\/uploads\/2024\/02\/leuchtturm-entertainment-boCDlcZvaJI-unsplash11_11zon-1536x1024.jpg 1536w, https:\/\/www.ardh.pt\/wp-content\/uploads\/2024\/02\/leuchtturm-entertainment-boCDlcZvaJI-unsplash11_11zon-2048x1365.jpg 2048w, https:\/\/www.ardh.pt\/wp-content\/uploads\/2024\/02\/leuchtturm-entertainment-boCDlcZvaJI-unsplash11_11zon-18x12.jpg 18w, https:\/\/www.ardh.pt\/wp-content\/uploads\/2024\/02\/leuchtturm-entertainment-boCDlcZvaJI-unsplash11_11zon-272x182.jpg 272w\" sizes=\"auto, (max-width: 2560px) 100vw, 2560px\" title=\"Entrevista com...\" alt=\"\" \t\tclass=\"so-widget-image\"\/>\n\t<\/a><\/div>\n\n<h3 class=\"widget-title\">\t\t<a href=\"https:\/\/www.ardh.pt\/en\/?page_id=4088&#038;preview=true\"\n\t\t\t\t\t>\n\t\tInterview with<\/a><\/h3><\/div><\/div><\/div><\/div><\/div>\n\n\n<p><\/p>","protected":false},"excerpt":{"rendered":"<p>O nosso grupo de investiga\u00e7\u00e3o dedica-se a estudar a import\u00e2ncia das compet\u00eancias de vida na adapta\u00e7\u00e3o, rendimento e desenvolvimento humano [&hellip;]<\/p>","protected":false},"author":12,"featured_media":0,"parent":0,"menu_order":0,"comment_status":"closed","ping_status":"closed","template":"","meta":{"om_disable_all_campaigns":false,"_monsterinsights_skip_tracking":false,"_monsterinsights_sitenote_active":false,"_monsterinsights_sitenote_note":"","_monsterinsights_sitenote_category":0,"_uf_show_specific_survey":0,"_uf_disable_surveys":false,"footnotes":""},"class_list":["post-3996","page","type-page","status-publish","hentry"],"yoast_head":"<!-- This site is optimized with the Yoast SEO plugin v24.1 - https:\/\/yoast.com\/wordpress\/plugins\/seo\/ -->\n<title>Teoria e Pr\u00e1tica - ARDH-GI<\/title>\n<meta name=\"robots\" content=\"index, follow, max-snippet:-1, max-image-preview:large, max-video-preview:-1\" \/>\n<link rel=\"canonical\" href=\"https:\/\/www.ardh.pt\/en\/1-teoria-e-pratica\/\" \/>\n<meta property=\"og:locale\" content=\"en_GB\" \/>\n<meta property=\"og:type\" content=\"article\" \/>\n<meta property=\"og:title\" content=\"Teoria e Pr\u00e1tica - ARDH-GI\" \/>\n<meta property=\"og:description\" content=\"O nosso grupo de investiga\u00e7\u00e3o dedica-se a estudar a import\u00e2ncia das compet\u00eancias de vida na adapta\u00e7\u00e3o, rendimento e desenvolvimento humano [&hellip;]\" \/>\n<meta property=\"og:url\" content=\"https:\/\/www.ardh.pt\/en\/1-teoria-e-pratica\/\" \/>\n<meta property=\"og:site_name\" content=\"ARDH-GI\" \/>\n<meta property=\"article:modified_time\" content=\"2024-05-23T16:13:22+00:00\" \/>\n<meta property=\"og:image\" content=\"https:\/\/www.ardh.pt\/wp-content\/uploads\/2024\/02\/1.-Teoria-e-Pratica-CapaV2-1024x171.jpg\" \/>\n<meta name=\"twitter:card\" content=\"summary_large_image\" \/>\n<meta name=\"twitter:label1\" content=\"Estimated reading time\" \/>\n\t<meta name=\"twitter:data1\" content=\"2 minutes\" \/>\n<script type=\"application\/ld+json\" class=\"yoast-schema-graph\">{\"@context\":\"https:\/\/schema.org\",\"@graph\":[{\"@type\":\"WebPage\",\"@id\":\"https:\/\/www.ardh.pt\/1-teoria-e-pratica\/\",\"url\":\"https:\/\/www.ardh.pt\/1-teoria-e-pratica\/\",\"name\":\"Teoria e Pr\u00e1tica - ARDH-GI\",\"isPartOf\":{\"@id\":\"https:\/\/www.ardh.pt\/#website\"},\"primaryImageOfPage\":{\"@id\":\"https:\/\/www.ardh.pt\/1-teoria-e-pratica\/#primaryimage\"},\"image\":{\"@id\":\"https:\/\/www.ardh.pt\/1-teoria-e-pratica\/#primaryimage\"},\"thumbnailUrl\":\"https:\/\/www.ardh.pt\/wp-content\/uploads\/2024\/02\/1.-Teoria-e-Pratica-CapaV2-1024x171.jpg\",\"datePublished\":\"2024-02-16T19:59:18+00:00\",\"dateModified\":\"2024-05-23T16:13:22+00:00\",\"breadcrumb\":{\"@id\":\"https:\/\/www.ardh.pt\/1-teoria-e-pratica\/#breadcrumb\"},\"inLanguage\":\"en-GB\",\"potentialAction\":[{\"@type\":\"ReadAction\",\"target\":[\"https:\/\/www.ardh.pt\/1-teoria-e-pratica\/\"]}]},{\"@type\":\"ImageObject\",\"inLanguage\":\"en-GB\",\"@id\":\"https:\/\/www.ardh.pt\/1-teoria-e-pratica\/#primaryimage\",\"url\":\"https:\/\/www.ardh.pt\/wp-content\/uploads\/2024\/02\/1.-Teoria-e-Pratica-CapaV2-1024x171.jpg\",\"contentUrl\":\"https:\/\/www.ardh.pt\/wp-content\/uploads\/2024\/02\/1.-Teoria-e-Pratica-CapaV2-1024x171.jpg\"},{\"@type\":\"BreadcrumbList\",\"@id\":\"https:\/\/www.ardh.pt\/1-teoria-e-pratica\/#breadcrumb\",\"itemListElement\":[{\"@type\":\"ListItem\",\"position\":1,\"name\":\"In\u00edcio\",\"item\":\"https:\/\/www.ardh.pt\/\"},{\"@type\":\"ListItem\",\"position\":2,\"name\":\"Teoria e Pr\u00e1tica\"}]},{\"@type\":\"WebSite\",\"@id\":\"https:\/\/www.ardh.pt\/#website\",\"url\":\"https:\/\/www.ardh.pt\/\",\"name\":\"ARDH-GI\",\"description\":\"Adapta\u00e7\u00e3o, Rendimento e Desenvolvimento Humano\",\"publisher\":{\"@id\":\"https:\/\/www.ardh.pt\/#organization\"},\"potentialAction\":[{\"@type\":\"SearchAction\",\"target\":{\"@type\":\"EntryPoint\",\"urlTemplate\":\"https:\/\/www.ardh.pt\/?s={search_term_string}\"},\"query-input\":{\"@type\":\"PropertyValueSpecification\",\"valueRequired\":true,\"valueName\":\"search_term_string\"}}],\"inLanguage\":\"en-GB\"},{\"@type\":\"Organization\",\"@id\":\"https:\/\/www.ardh.pt\/#organization\",\"name\":\"Adapta\u00e7\u00e3o Rendimento e Desenvolvimento Humano\",\"url\":\"https:\/\/www.ardh.pt\/\",\"logo\":{\"@type\":\"ImageObject\",\"inLanguage\":\"en-GB\",\"@id\":\"https:\/\/www.ardh.pt\/#\/schema\/logo\/image\/\",\"url\":\"https:\/\/www.ardh.pt\/wp-content\/uploads\/2018\/02\/Desenho-sem-nome-e1518629927584.png\",\"contentUrl\":\"https:\/\/www.ardh.pt\/wp-content\/uploads\/2018\/02\/Desenho-sem-nome-e1518629927584.png\",\"width\":300,\"height\":60,\"caption\":\"Adapta\u00e7\u00e3o Rendimento e Desenvolvimento Humano\"},\"image\":{\"@id\":\"https:\/\/www.ardh.pt\/#\/schema\/logo\/image\/\"}}]}<\/script>\n<!-- \/ Yoast SEO plugin. -->","yoast_head_json":{"title":"Teoria e Pr\u00e1tica - ARDH-GI","robots":{"index":"index","follow":"follow","max-snippet":"max-snippet:-1","max-image-preview":"max-image-preview:large","max-video-preview":"max-video-preview:-1"},"canonical":"https:\/\/www.ardh.pt\/en\/1-teoria-e-pratica\/","og_locale":"en_GB","og_type":"article","og_title":"Teoria e Pr\u00e1tica - ARDH-GI","og_description":"O nosso grupo de investiga\u00e7\u00e3o dedica-se a estudar a import\u00e2ncia das compet\u00eancias de vida na adapta\u00e7\u00e3o, rendimento e desenvolvimento humano [&hellip;]","og_url":"https:\/\/www.ardh.pt\/en\/1-teoria-e-pratica\/","og_site_name":"ARDH-GI","article_modified_time":"2024-05-23T16:13:22+00:00","og_image":[{"url":"https:\/\/www.ardh.pt\/wp-content\/uploads\/2024\/02\/1.-Teoria-e-Pratica-CapaV2-1024x171.jpg","type":"","width":"","height":""}],"twitter_card":"summary_large_image","twitter_misc":{"Estimated reading time":"2 minutes"},"schema":{"@context":"https:\/\/schema.org","@graph":[{"@type":"WebPage","@id":"https:\/\/www.ardh.pt\/1-teoria-e-pratica\/","url":"https:\/\/www.ardh.pt\/1-teoria-e-pratica\/","name":"Teoria e Pr\u00e1tica - ARDH-GI","isPartOf":{"@id":"https:\/\/www.ardh.pt\/#website"},"primaryImageOfPage":{"@id":"https:\/\/www.ardh.pt\/1-teoria-e-pratica\/#primaryimage"},"image":{"@id":"https:\/\/www.ardh.pt\/1-teoria-e-pratica\/#primaryimage"},"thumbnailUrl":"https:\/\/www.ardh.pt\/wp-content\/uploads\/2024\/02\/1.-Teoria-e-Pratica-CapaV2-1024x171.jpg","datePublished":"2024-02-16T19:59:18+00:00","dateModified":"2024-05-23T16:13:22+00:00","breadcrumb":{"@id":"https:\/\/www.ardh.pt\/1-teoria-e-pratica\/#breadcrumb"},"inLanguage":"en-GB","potentialAction":[{"@type":"ReadAction","target":["https:\/\/www.ardh.pt\/1-teoria-e-pratica\/"]}]},{"@type":"ImageObject","inLanguage":"en-GB","@id":"https:\/\/www.ardh.pt\/1-teoria-e-pratica\/#primaryimage","url":"https:\/\/www.ardh.pt\/wp-content\/uploads\/2024\/02\/1.-Teoria-e-Pratica-CapaV2-1024x171.jpg","contentUrl":"https:\/\/www.ardh.pt\/wp-content\/uploads\/2024\/02\/1.-Teoria-e-Pratica-CapaV2-1024x171.jpg"},{"@type":"BreadcrumbList","@id":"https:\/\/www.ardh.pt\/1-teoria-e-pratica\/#breadcrumb","itemListElement":[{"@type":"ListItem","position":1,"name":"In\u00edcio","item":"https:\/\/www.ardh.pt\/"},{"@type":"ListItem","position":2,"name":"Teoria e Pr\u00e1tica"}]},{"@type":"WebSite","@id":"https:\/\/www.ardh.pt\/#website","url":"https:\/\/www.ardh.pt\/","name":"ARDH-GI","description":"Adapta\u00e7\u00e3o, Rendimento e Desenvolvimento Humano","publisher":{"@id":"https:\/\/www.ardh.pt\/#organization"},"potentialAction":[{"@type":"SearchAction","target":{"@type":"EntryPoint","urlTemplate":"https:\/\/www.ardh.pt\/?s={search_term_string}"},"query-input":{"@type":"PropertyValueSpecification","valueRequired":true,"valueName":"search_term_string"}}],"inLanguage":"en-GB"},{"@type":"Organization","@id":"https:\/\/www.ardh.pt\/#organization","name":"Adapta\u00e7\u00e3o Rendimento e Desenvolvimento Humano","url":"https:\/\/www.ardh.pt\/","logo":{"@type":"ImageObject","inLanguage":"en-GB","@id":"https:\/\/www.ardh.pt\/#\/schema\/logo\/image\/","url":"https:\/\/www.ardh.pt\/wp-content\/uploads\/2018\/02\/Desenho-sem-nome-e1518629927584.png","contentUrl":"https:\/\/www.ardh.pt\/wp-content\/uploads\/2018\/02\/Desenho-sem-nome-e1518629927584.png","width":300,"height":60,"caption":"Adapta\u00e7\u00e3o Rendimento e Desenvolvimento Humano"},"image":{"@id":"https:\/\/www.ardh.pt\/#\/schema\/logo\/image\/"}}]}},"_links":{"self":[{"href":"https:\/\/www.ardh.pt\/en\/wp-json\/wp\/v2\/pages\/3996","targetHints":{"allow":["GET"]}}],"collection":[{"href":"https:\/\/www.ardh.pt\/en\/wp-json\/wp\/v2\/pages"}],"about":[{"href":"https:\/\/www.ardh.pt\/en\/wp-json\/wp\/v2\/types\/page"}],"author":[{"embeddable":true,"href":"https:\/\/www.ardh.pt\/en\/wp-json\/wp\/v2\/users\/12"}],"replies":[{"embeddable":true,"href":"https:\/\/www.ardh.pt\/en\/wp-json\/wp\/v2\/comments?post=3996"}],"version-history":[{"count":25,"href":"https:\/\/www.ardh.pt\/en\/wp-json\/wp\/v2\/pages\/3996\/revisions"}],"predecessor-version":[{"id":4330,"href":"https:\/\/www.ardh.pt\/en\/wp-json\/wp\/v2\/pages\/3996\/revisions\/4330"}],"wp:attachment":[{"href":"https:\/\/www.ardh.pt\/en\/wp-json\/wp\/v2\/media?parent=3996"}],"curies":[{"name":"wp","href":"https:\/\/api.w.org\/{rel}","templated":true}]}}