{"id":4100,"date":"2024-02-16T20:02:14","date_gmt":"2024-02-16T20:02:14","guid":{"rendered":"https:\/\/www.ardh.pt\/?page_id=4100"},"modified":"2025-07-08T11:41:09","modified_gmt":"2025-07-08T11:41:09","slug":"4-stress","status":"publish","type":"page","link":"https:\/\/www.ardh.pt\/en\/4-stress\/","title":{"rendered":"Stress"},"content":{"rendered":"<div class=\"wp-block-image\">\n<figure class=\"aligncenter size-large\"><img loading=\"lazy\" decoding=\"async\" width=\"1024\" height=\"179\" src=\"https:\/\/www.ardh.pt\/wp-content\/uploads\/2024\/02\/1.-Stress-Capa-1024x179.jpg\" alt=\"\" class=\"wp-image-4187\" srcset=\"https:\/\/www.ardh.pt\/wp-content\/uploads\/2024\/02\/1.-Stress-Capa-1024x179.jpg 1024w, https:\/\/www.ardh.pt\/wp-content\/uploads\/2024\/02\/1.-Stress-Capa-300x52.jpg 300w, https:\/\/www.ardh.pt\/wp-content\/uploads\/2024\/02\/1.-Stress-Capa-768x134.jpg 768w, https:\/\/www.ardh.pt\/wp-content\/uploads\/2024\/02\/1.-Stress-Capa-1536x268.jpg 1536w, https:\/\/www.ardh.pt\/wp-content\/uploads\/2024\/02\/1.-Stress-Capa-2048x358.jpg 2048w, https:\/\/www.ardh.pt\/wp-content\/uploads\/2024\/02\/1.-Stress-Capa-18x3.jpg 18w\" sizes=\"auto, (max-width: 1024px) 100vw, 1024px\" \/><\/figure>\n<\/div>\n\n\n<p><\/p>\n\n\n\n<p class=\"translation-block\">In this link you will find materials about the life skill of stress management, analyzing its importance in adaptation, performance, and human development in different life contexts.<\/p>\n\n\n<div id=\"pl-gb4100-69e8c88d84006\"  class=\"panel-layout wp-block-siteorigin-panels-layout-block\" ><div id=\"pg-gb4100-69e8c88d84006-0\"  class=\"panel-grid panel-no-style\" ><div id=\"pgc-gb4100-69e8c88d84006-0-0\"  class=\"panel-grid-cell\" ><div id=\"panel-gb4100-69e8c88d84006-0-0-0\" class=\"so-panel widget widget_sow-image panel-first-child panel-last-child\" data-index=\"0\" ><div\n\t\t\t\n\t\t\tclass=\"so-widget-sow-image so-widget-sow-image-default-c51dee969737-4100\"\n\t\t\t\n\t\t>\n\n<div class=\"sow-image-container\">\n\t\t\t<a href=\"https:\/\/www.ardh.pt\/en\/?page_id=4106&#038;preview=true\"\n\t\t\t\t\t>\n\t\t\t<img loading=\"lazy\" decoding=\"async\" src=\"https:\/\/www.ardh.pt\/wp-content\/uploads\/2024\/02\/Publicacoes22.jpg\" width=\"1296\" height=\"864\" srcset=\"https:\/\/www.ardh.pt\/wp-content\/uploads\/2024\/02\/Publicacoes22.jpg 1296w, https:\/\/www.ardh.pt\/wp-content\/uploads\/2024\/02\/Publicacoes22-300x200.jpg 300w, https:\/\/www.ardh.pt\/wp-content\/uploads\/2024\/02\/Publicacoes22-1024x683.jpg 1024w, https:\/\/www.ardh.pt\/wp-content\/uploads\/2024\/02\/Publicacoes22-768x512.jpg 768w, https:\/\/www.ardh.pt\/wp-content\/uploads\/2024\/02\/Publicacoes22-18x12.jpg 18w, https:\/\/www.ardh.pt\/wp-content\/uploads\/2024\/02\/Publicacoes22-272x182.jpg 272w\" sizes=\"auto, (max-width: 1296px) 100vw, 1296px\" title=\"Publications\" alt=\"\" \t\tclass=\"so-widget-image\"\/>\n\t<\/a><\/div>\n\n<h3 class=\"widget-title\">\t\t<a href=\"https:\/\/www.ardh.pt\/en\/?page_id=4106&#038;preview=true\"\n\t\t\t\t\t>\n\t\tPublications<\/a><\/h3><\/div><\/div><\/div><div id=\"pgc-gb4100-69e8c88d84006-0-1\"  class=\"panel-grid-cell\" ><div id=\"panel-gb4100-69e8c88d84006-0-1-0\" class=\"so-panel widget widget_sow-image panel-first-child panel-last-child\" data-index=\"1\" ><div\n\t\t\t\n\t\t\tclass=\"so-widget-sow-image so-widget-sow-image-default-c51dee969737-4100\"\n\t\t\t\n\t\t>\n\n<div class=\"sow-image-container\">\n\t\t\t<a href=\"https:\/\/www.ardh.pt\/en\/?page_id=4084&#038;preview=true\"\n\t\t\t\t\t>\n\t\t\t<img loading=\"lazy\" decoding=\"async\" src=\"https:\/\/www.ardh.pt\/wp-content\/uploads\/2024\/02\/alex-litvin-MAYsdoYpGuk-unsplash12-scaled.jpg\" width=\"2560\" height=\"1707\" srcset=\"https:\/\/www.ardh.pt\/wp-content\/uploads\/2024\/02\/alex-litvin-MAYsdoYpGuk-unsplash12-scaled.jpg 2560w, https:\/\/www.ardh.pt\/wp-content\/uploads\/2024\/02\/alex-litvin-MAYsdoYpGuk-unsplash12-300x200.jpg 300w, https:\/\/www.ardh.pt\/wp-content\/uploads\/2024\/02\/alex-litvin-MAYsdoYpGuk-unsplash12-1024x683.jpg 1024w, https:\/\/www.ardh.pt\/wp-content\/uploads\/2024\/02\/alex-litvin-MAYsdoYpGuk-unsplash12-768x512.jpg 768w, https:\/\/www.ardh.pt\/wp-content\/uploads\/2024\/02\/alex-litvin-MAYsdoYpGuk-unsplash12-1536x1024.jpg 1536w, https:\/\/www.ardh.pt\/wp-content\/uploads\/2024\/02\/alex-litvin-MAYsdoYpGuk-unsplash12-2048x1365.jpg 2048w, https:\/\/www.ardh.pt\/wp-content\/uploads\/2024\/02\/alex-litvin-MAYsdoYpGuk-unsplash12-18x12.jpg 18w, https:\/\/www.ardh.pt\/wp-content\/uploads\/2024\/02\/alex-litvin-MAYsdoYpGuk-unsplash12-272x182.jpg 272w\" sizes=\"auto, (max-width: 2560px) 100vw, 2560px\" title=\"Presentations\" alt=\"\" \t\tclass=\"so-widget-image\"\/>\n\t<\/a><\/div>\n\n<h3 class=\"widget-title\">\t\t<a href=\"https:\/\/www.ardh.pt\/en\/?page_id=4084&#038;preview=true\"\n\t\t\t\t\t>\n\t\tPresentations<\/a><\/h3><\/div><\/div><\/div><div id=\"pgc-gb4100-69e8c88d84006-0-2\"  class=\"panel-grid-cell\" ><div id=\"panel-gb4100-69e8c88d84006-0-2-0\" class=\"so-panel widget widget_sow-image panel-first-child panel-last-child\" data-index=\"2\" ><div\n\t\t\t\n\t\t\tclass=\"so-widget-sow-image so-widget-sow-image-default-c51dee969737-4100\"\n\t\t\t\n\t\t>\n\n<div class=\"sow-image-container\">\n\t\t\t<a href=\"https:\/\/www.ardh.pt\/en\/?page_id=4450&#038;preview=true\"\n\t\t\t\t\t>\n\t\t\t<img loading=\"lazy\" decoding=\"async\" src=\"https:\/\/www.ardh.pt\/wp-content\/uploads\/2024\/02\/leuchtturm-entertainment-boCDlcZvaJI-unsplash11_11zon-scaled.jpg\" width=\"2560\" height=\"1707\" srcset=\"https:\/\/www.ardh.pt\/wp-content\/uploads\/2024\/02\/leuchtturm-entertainment-boCDlcZvaJI-unsplash11_11zon-scaled.jpg 2560w, https:\/\/www.ardh.pt\/wp-content\/uploads\/2024\/02\/leuchtturm-entertainment-boCDlcZvaJI-unsplash11_11zon-300x200.jpg 300w, https:\/\/www.ardh.pt\/wp-content\/uploads\/2024\/02\/leuchtturm-entertainment-boCDlcZvaJI-unsplash11_11zon-1024x683.jpg 1024w, https:\/\/www.ardh.pt\/wp-content\/uploads\/2024\/02\/leuchtturm-entertainment-boCDlcZvaJI-unsplash11_11zon-768x512.jpg 768w, https:\/\/www.ardh.pt\/wp-content\/uploads\/2024\/02\/leuchtturm-entertainment-boCDlcZvaJI-unsplash11_11zon-1536x1024.jpg 1536w, https:\/\/www.ardh.pt\/wp-content\/uploads\/2024\/02\/leuchtturm-entertainment-boCDlcZvaJI-unsplash11_11zon-2048x1365.jpg 2048w, https:\/\/www.ardh.pt\/wp-content\/uploads\/2024\/02\/leuchtturm-entertainment-boCDlcZvaJI-unsplash11_11zon-18x12.jpg 18w, https:\/\/www.ardh.pt\/wp-content\/uploads\/2024\/02\/leuchtturm-entertainment-boCDlcZvaJI-unsplash11_11zon-272x182.jpg 272w\" sizes=\"auto, (max-width: 2560px) 100vw, 2560px\" title=\"Entrevista com...\" alt=\"\" \t\tclass=\"so-widget-image\"\/>\n\t<\/a><\/div>\n\n<h3 class=\"widget-title\">\t\t<a href=\"https:\/\/www.ardh.pt\/en\/?page_id=4450&#038;preview=true\"\n\t\t\t\t\t>\n\t\tInterview with<\/a><\/h3><\/div><\/div><\/div><\/div><\/div>\n\n\n<p><\/p>","protected":false},"excerpt":{"rendered":"<p>Nesta liga\u00e7\u00e3o encontra materiais sobre a compet\u00eancia de vida gest\u00e3o de stress, analisando-se a sua import\u00e2ncia na adapta\u00e7\u00e3o, rendimento e [&hellip;]<\/p>","protected":false},"author":12,"featured_media":0,"parent":0,"menu_order":0,"comment_status":"closed","ping_status":"closed","template":"","meta":{"om_disable_all_campaigns":false,"_monsterinsights_skip_tracking":false,"_monsterinsights_sitenote_active":false,"_monsterinsights_sitenote_note":"","_monsterinsights_sitenote_category":0,"_uf_show_specific_survey":0,"_uf_disable_surveys":false,"footnotes":""},"class_list":["post-4100","page","type-page","status-publish","hentry"],"yoast_head":"<!-- This site is optimized with the Yoast SEO plugin v24.1 - https:\/\/yoast.com\/wordpress\/plugins\/seo\/ -->\n<title>Stress - ARDH-GI<\/title>\n<meta name=\"robots\" content=\"index, follow, max-snippet:-1, max-image-preview:large, max-video-preview:-1\" \/>\n<link rel=\"canonical\" href=\"https:\/\/www.ardh.pt\/en\/4-stress\/\" \/>\n<meta property=\"og:locale\" content=\"en_GB\" \/>\n<meta property=\"og:type\" content=\"article\" \/>\n<meta property=\"og:title\" content=\"Stress - ARDH-GI\" \/>\n<meta property=\"og:description\" content=\"Nesta liga\u00e7\u00e3o encontra materiais sobre a compet\u00eancia de vida gest\u00e3o de stress, analisando-se a sua import\u00e2ncia na adapta\u00e7\u00e3o, rendimento e [&hellip;]\" \/>\n<meta property=\"og:url\" content=\"https:\/\/www.ardh.pt\/en\/4-stress\/\" \/>\n<meta property=\"og:site_name\" content=\"ARDH-GI\" \/>\n<meta property=\"article:modified_time\" content=\"2025-07-08T11:41:09+00:00\" \/>\n<meta property=\"og:image\" content=\"https:\/\/www.ardh.pt\/wp-content\/uploads\/2024\/02\/1.-Stress-Capa-scaled.jpg\" \/>\n\t<meta property=\"og:image:width\" content=\"2560\" \/>\n\t<meta property=\"og:image:height\" content=\"447\" \/>\n\t<meta property=\"og:image:type\" content=\"image\/jpeg\" \/>\n<meta name=\"twitter:card\" content=\"summary_large_image\" \/>\n<meta name=\"twitter:label1\" content=\"Estimated reading time\" \/>\n\t<meta name=\"twitter:data1\" content=\"1 minute\" \/>\n<script type=\"application\/ld+json\" class=\"yoast-schema-graph\">{\"@context\":\"https:\/\/schema.org\",\"@graph\":[{\"@type\":\"WebPage\",\"@id\":\"https:\/\/www.ardh.pt\/4-stress\/\",\"url\":\"https:\/\/www.ardh.pt\/4-stress\/\",\"name\":\"Stress - ARDH-GI\",\"isPartOf\":{\"@id\":\"https:\/\/www.ardh.pt\/#website\"},\"primaryImageOfPage\":{\"@id\":\"https:\/\/www.ardh.pt\/4-stress\/#primaryimage\"},\"image\":{\"@id\":\"https:\/\/www.ardh.pt\/4-stress\/#primaryimage\"},\"thumbnailUrl\":\"https:\/\/www.ardh.pt\/wp-content\/uploads\/2024\/02\/1.-Stress-Capa-1024x179.jpg\",\"datePublished\":\"2024-02-16T20:02:14+00:00\",\"dateModified\":\"2025-07-08T11:41:09+00:00\",\"breadcrumb\":{\"@id\":\"https:\/\/www.ardh.pt\/4-stress\/#breadcrumb\"},\"inLanguage\":\"en-GB\",\"potentialAction\":[{\"@type\":\"ReadAction\",\"target\":[\"https:\/\/www.ardh.pt\/4-stress\/\"]}]},{\"@type\":\"ImageObject\",\"inLanguage\":\"en-GB\",\"@id\":\"https:\/\/www.ardh.pt\/4-stress\/#primaryimage\",\"url\":\"https:\/\/www.ardh.pt\/wp-content\/uploads\/2024\/02\/1.-Stress-Capa-1024x179.jpg\",\"contentUrl\":\"https:\/\/www.ardh.pt\/wp-content\/uploads\/2024\/02\/1.-Stress-Capa-1024x179.jpg\"},{\"@type\":\"BreadcrumbList\",\"@id\":\"https:\/\/www.ardh.pt\/4-stress\/#breadcrumb\",\"itemListElement\":[{\"@type\":\"ListItem\",\"position\":1,\"name\":\"In\u00edcio\",\"item\":\"https:\/\/www.ardh.pt\/\"},{\"@type\":\"ListItem\",\"position\":2,\"name\":\"Stress\"}]},{\"@type\":\"WebSite\",\"@id\":\"https:\/\/www.ardh.pt\/#website\",\"url\":\"https:\/\/www.ardh.pt\/\",\"name\":\"ARDH-GI\",\"description\":\"Adapta\u00e7\u00e3o, Rendimento e Desenvolvimento Humano\",\"publisher\":{\"@id\":\"https:\/\/www.ardh.pt\/#organization\"},\"potentialAction\":[{\"@type\":\"SearchAction\",\"target\":{\"@type\":\"EntryPoint\",\"urlTemplate\":\"https:\/\/www.ardh.pt\/?s={search_term_string}\"},\"query-input\":{\"@type\":\"PropertyValueSpecification\",\"valueRequired\":true,\"valueName\":\"search_term_string\"}}],\"inLanguage\":\"en-GB\"},{\"@type\":\"Organization\",\"@id\":\"https:\/\/www.ardh.pt\/#organization\",\"name\":\"Adapta\u00e7\u00e3o Rendimento e Desenvolvimento Humano\",\"url\":\"https:\/\/www.ardh.pt\/\",\"logo\":{\"@type\":\"ImageObject\",\"inLanguage\":\"en-GB\",\"@id\":\"https:\/\/www.ardh.pt\/#\/schema\/logo\/image\/\",\"url\":\"https:\/\/www.ardh.pt\/wp-content\/uploads\/2018\/02\/Desenho-sem-nome-e1518629927584.png\",\"contentUrl\":\"https:\/\/www.ardh.pt\/wp-content\/uploads\/2018\/02\/Desenho-sem-nome-e1518629927584.png\",\"width\":300,\"height\":60,\"caption\":\"Adapta\u00e7\u00e3o Rendimento e Desenvolvimento Humano\"},\"image\":{\"@id\":\"https:\/\/www.ardh.pt\/#\/schema\/logo\/image\/\"}}]}<\/script>\n<!-- \/ Yoast SEO plugin. -->","yoast_head_json":{"title":"Stress - ARDH-GI","robots":{"index":"index","follow":"follow","max-snippet":"max-snippet:-1","max-image-preview":"max-image-preview:large","max-video-preview":"max-video-preview:-1"},"canonical":"https:\/\/www.ardh.pt\/en\/4-stress\/","og_locale":"en_GB","og_type":"article","og_title":"Stress - ARDH-GI","og_description":"Nesta liga\u00e7\u00e3o encontra materiais sobre a compet\u00eancia de vida gest\u00e3o de stress, analisando-se a sua import\u00e2ncia na adapta\u00e7\u00e3o, rendimento e [&hellip;]","og_url":"https:\/\/www.ardh.pt\/en\/4-stress\/","og_site_name":"ARDH-GI","article_modified_time":"2025-07-08T11:41:09+00:00","og_image":[{"width":2560,"height":447,"url":"https:\/\/www.ardh.pt\/wp-content\/uploads\/2024\/02\/1.-Stress-Capa-scaled.jpg","type":"image\/jpeg"}],"twitter_card":"summary_large_image","twitter_misc":{"Estimated reading time":"1 minute"},"schema":{"@context":"https:\/\/schema.org","@graph":[{"@type":"WebPage","@id":"https:\/\/www.ardh.pt\/4-stress\/","url":"https:\/\/www.ardh.pt\/4-stress\/","name":"Stress - ARDH-GI","isPartOf":{"@id":"https:\/\/www.ardh.pt\/#website"},"primaryImageOfPage":{"@id":"https:\/\/www.ardh.pt\/4-stress\/#primaryimage"},"image":{"@id":"https:\/\/www.ardh.pt\/4-stress\/#primaryimage"},"thumbnailUrl":"https:\/\/www.ardh.pt\/wp-content\/uploads\/2024\/02\/1.-Stress-Capa-1024x179.jpg","datePublished":"2024-02-16T20:02:14+00:00","dateModified":"2025-07-08T11:41:09+00:00","breadcrumb":{"@id":"https:\/\/www.ardh.pt\/4-stress\/#breadcrumb"},"inLanguage":"en-GB","potentialAction":[{"@type":"ReadAction","target":["https:\/\/www.ardh.pt\/4-stress\/"]}]},{"@type":"ImageObject","inLanguage":"en-GB","@id":"https:\/\/www.ardh.pt\/4-stress\/#primaryimage","url":"https:\/\/www.ardh.pt\/wp-content\/uploads\/2024\/02\/1.-Stress-Capa-1024x179.jpg","contentUrl":"https:\/\/www.ardh.pt\/wp-content\/uploads\/2024\/02\/1.-Stress-Capa-1024x179.jpg"},{"@type":"BreadcrumbList","@id":"https:\/\/www.ardh.pt\/4-stress\/#breadcrumb","itemListElement":[{"@type":"ListItem","position":1,"name":"In\u00edcio","item":"https:\/\/www.ardh.pt\/"},{"@type":"ListItem","position":2,"name":"Stress"}]},{"@type":"WebSite","@id":"https:\/\/www.ardh.pt\/#website","url":"https:\/\/www.ardh.pt\/","name":"ARDH-GI","description":"Adapta\u00e7\u00e3o, Rendimento e Desenvolvimento Humano","publisher":{"@id":"https:\/\/www.ardh.pt\/#organization"},"potentialAction":[{"@type":"SearchAction","target":{"@type":"EntryPoint","urlTemplate":"https:\/\/www.ardh.pt\/?s={search_term_string}"},"query-input":{"@type":"PropertyValueSpecification","valueRequired":true,"valueName":"search_term_string"}}],"inLanguage":"en-GB"},{"@type":"Organization","@id":"https:\/\/www.ardh.pt\/#organization","name":"Adapta\u00e7\u00e3o Rendimento e Desenvolvimento Humano","url":"https:\/\/www.ardh.pt\/","logo":{"@type":"ImageObject","inLanguage":"en-GB","@id":"https:\/\/www.ardh.pt\/#\/schema\/logo\/image\/","url":"https:\/\/www.ardh.pt\/wp-content\/uploads\/2018\/02\/Desenho-sem-nome-e1518629927584.png","contentUrl":"https:\/\/www.ardh.pt\/wp-content\/uploads\/2018\/02\/Desenho-sem-nome-e1518629927584.png","width":300,"height":60,"caption":"Adapta\u00e7\u00e3o Rendimento e Desenvolvimento Humano"},"image":{"@id":"https:\/\/www.ardh.pt\/#\/schema\/logo\/image\/"}}]}},"_links":{"self":[{"href":"https:\/\/www.ardh.pt\/en\/wp-json\/wp\/v2\/pages\/4100","targetHints":{"allow":["GET"]}}],"collection":[{"href":"https:\/\/www.ardh.pt\/en\/wp-json\/wp\/v2\/pages"}],"about":[{"href":"https:\/\/www.ardh.pt\/en\/wp-json\/wp\/v2\/types\/page"}],"author":[{"embeddable":true,"href":"https:\/\/www.ardh.pt\/en\/wp-json\/wp\/v2\/users\/12"}],"replies":[{"embeddable":true,"href":"https:\/\/www.ardh.pt\/en\/wp-json\/wp\/v2\/comments?post=4100"}],"version-history":[{"count":14,"href":"https:\/\/www.ardh.pt\/en\/wp-json\/wp\/v2\/pages\/4100\/revisions"}],"predecessor-version":[{"id":4797,"href":"https:\/\/www.ardh.pt\/en\/wp-json\/wp\/v2\/pages\/4100\/revisions\/4797"}],"wp:attachment":[{"href":"https:\/\/www.ardh.pt\/en\/wp-json\/wp\/v2\/media?parent=4100"}],"curies":[{"name":"wp","href":"https:\/\/api.w.org\/{rel}","templated":true}]}}