{"id":4110,"date":"2024-02-16T20:02:26","date_gmt":"2024-02-16T20:02:26","guid":{"rendered":"https:\/\/www.ardh.pt\/?page_id=4110"},"modified":"2025-05-05T12:11:44","modified_gmt":"2025-05-05T12:11:44","slug":"teoria-e-pratica-apresentacoes","status":"publish","type":"page","link":"https:\/\/www.ardh.pt\/en\/teoria-e-pratica-apresentacoes\/","title":{"rendered":"Theory and practice"},"content":{"rendered":"<div id=\"pl-4110\"  class=\"panel-layout\" ><div id=\"pg-4110-0\"  class=\"panel-grid panel-no-style\" ><div id=\"pgc-4110-0-0\"  class=\"panel-grid-cell\" ><div id=\"panel-4110-0-0-0\" class=\"so-panel widget widget_themegrill_flash_image tg-widget tg-image-widget panel-first-child panel-last-child\" data-index=\"0\" >\t<img decoding=\"async\" src=\"https:\/\/www.ardh.pt\/wp-content\/uploads\/2024\/02\/2.-Apresentacoes-Capa-scaled.jpg\" \/>\n<\/div><\/div><\/div><div id=\"pg-4110-1\"  class=\"panel-grid panel-no-style\" ><div id=\"pgc-4110-1-0\"  class=\"panel-grid-cell\" ><div id=\"panel-4110-1-0-0\" class=\"so-panel widget widget_text panel-first-child panel-last-child\" data-index=\"1\" ><h3 class=\"widget-title\">Presentations<\/h3>\t\t\t<div class=\"textwidget\"><\/div>\n\t\t<\/div><\/div><\/div><div id=\"pg-4110-2\"  class=\"panel-grid panel-no-style\" ><div id=\"pgc-4110-2-0\"  class=\"panel-grid-cell\" ><div id=\"panel-4110-2-0-0\" class=\"so-panel widget widget_themegrill_flash_image tg-widget tg-image-widget panel-first-child panel-last-child\" data-index=\"2\" >\t<img decoding=\"async\" src=\"https:\/\/www.ardh.pt\/wp-content\/uploads\/2022\/09\/poster3.jpg\" \/>\n<\/div><\/div><div id=\"pgc-4110-2-1\"  class=\"panel-grid-cell\" ><div id=\"panel-4110-2-1-0\" class=\"so-panel widget widget_themegrill_flash_heading tg-widget section-title-wrapper panel-first-child\" data-index=\"3\" >\t<h3 class=\"section-title\">Life skills of adolescents: A comparison between gender<\/h3>\n<\/div><div id=\"panel-4110-2-1-1\" class=\"so-panel widget widget_sow-editor\" data-index=\"4\" ><div\n\t\t\t\n\t\t\tclass=\"so-widget-sow-editor so-widget-sow-editor-base\"\n\t\t\t\n\t\t>\n<div class=\"siteorigin-widget-tinymce textwidget\">\n\t<p style=\"text-align: center;\">Sousa, J., Fontes, L., Abreu, A., Gomes, A. R., &amp; Ramos, N. (2022, Setembro)<br \/>\n1st International Conference on Child Studies<br \/>\nBraga: University of Minho<br \/>\nLanguage: English<\/p>\n<\/div>\n<\/div><\/div><div id=\"panel-4110-2-1-2\" class=\"so-panel widget widget_sow-button panel-last-child\" data-index=\"5\" ><div\n\t\t\t\n\t\t\tclass=\"so-widget-sow-button so-widget-sow-button-atom-046b02302031-4110\"\n\t\t\t\n\t\t><div class=\"ow-button-base ow-button-align-center\">\n\t\t\t<a\n\t\t\t\t\thref=\"https:\/\/www.ardh.pt\/documentos\/investigacao\/apresentacoes\/1-I Inter Conf Child St-Life skills adolescents-J Sousa et al.pdf\"\n\t\t\t\t\tclass=\"sowb-button ow-icon-placement-left ow-button-hover\" target=\"_blank\" rel=\"noopener noreferrer\" \t>\n\t\t<span>\n\t\t\t\n\t\t\tMore information\t\t<\/span>\n\t\t\t<\/a>\n\t<\/div>\n<\/div><\/div><\/div><\/div><div id=\"pg-4110-3\"  class=\"panel-grid panel-no-style\" ><div id=\"pgc-4110-3-0\"  class=\"panel-grid-cell\" ><div id=\"panel-4110-3-0-0\" class=\"so-panel widget widget_sow-editor panel-first-child panel-last-child\" data-index=\"6\" ><div\n\t\t\t\n\t\t\tclass=\"so-widget-sow-editor so-widget-sow-editor-base\"\n\t\t\t\n\t\t>\n<div class=\"siteorigin-widget-tinymce textwidget\">\n\t<hr \/>\n<\/div>\n<\/div><\/div><\/div><\/div><div id=\"pg-4110-4\"  class=\"panel-grid panel-no-style\" ><div id=\"pgc-4110-4-0\"  class=\"panel-grid-cell\" ><div id=\"panel-4110-4-0-0\" class=\"so-panel widget widget_themegrill_flash_heading tg-widget section-title-wrapper panel-first-child\" data-index=\"7\" >\t<h3 class=\"section-title\">Life skills training in educational contexts: Testing the effects of an intervention programme<\/h3>\n<\/div><div id=\"panel-4110-4-0-1\" class=\"so-panel widget widget_sow-editor panel-last-child\" data-index=\"8\" ><div\n\t\t\t\n\t\t\tclass=\"so-widget-sow-editor so-widget-sow-editor-base\"\n\t\t\t\n\t\t>\n<div class=\"siteorigin-widget-tinymce textwidget\">\n\t<p style=\"text-align: center;\">Rui Gomes, Brazelina Marques, Clara Sim\u00e3es (2013)<br \/>\nEducational Studies<br \/>\nLanguage: English<\/p>\n<\/div>\n<\/div><\/div><\/div><div id=\"pgc-4110-4-1\"  class=\"panel-grid-cell\" ><div id=\"panel-4110-4-1-0\" class=\"so-panel widget widget_media_video panel-first-child panel-last-child\" data-index=\"9\" ><div style=\"width:100%;\" class=\"wp-video\"><video class=\"wp-video-shortcode\" id=\"video-4110-1\" preload=\"metadata\" controls=\"controls\"><source type=\"video\/youtube\" src=\"https:\/\/www.youtube.com\/watch?v=pkimiSmNjZo&#038;_=1\" \/><a href=\"https:\/\/www.youtube.com\/watch?v=pkimiSmNjZo\">https:\/\/www.youtube.com\/watch?v=pkimiSmNjZo<\/a><\/video><\/div><\/div><\/div><\/div><\/div>","protected":false},"excerpt":{"rendered":"<p>Apresenta\u00e7\u00f5es Life skills of adolescents: A comparison between gender Sousa, J., Fontes, L., Abreu, A., Gomes, A. R., &amp; Ramos, [&hellip;]<\/p>","protected":false},"author":12,"featured_media":0,"parent":0,"menu_order":0,"comment_status":"closed","ping_status":"closed","template":"","meta":{"om_disable_all_campaigns":false,"_monsterinsights_skip_tracking":false,"_monsterinsights_sitenote_active":false,"_monsterinsights_sitenote_note":"","_monsterinsights_sitenote_category":0,"_uf_show_specific_survey":0,"_uf_disable_surveys":false,"footnotes":""},"class_list":["post-4110","page","type-page","status-publish","hentry"],"yoast_head":"<!-- This site is optimized with the Yoast SEO plugin v24.1 - https:\/\/yoast.com\/wordpress\/plugins\/seo\/ -->\n<title>Teoria e Pr\u00e1tica - ARDH-GI<\/title>\n<meta name=\"robots\" content=\"index, follow, max-snippet:-1, max-image-preview:large, max-video-preview:-1\" \/>\n<link rel=\"canonical\" href=\"https:\/\/www.ardh.pt\/en\/teoria-e-pratica-apresentacoes\/\" \/>\n<meta property=\"og:locale\" content=\"en_GB\" \/>\n<meta property=\"og:type\" content=\"article\" \/>\n<meta property=\"og:title\" content=\"Teoria e Pr\u00e1tica - ARDH-GI\" \/>\n<meta property=\"og:description\" content=\"Apresenta\u00e7\u00f5es Life skills of adolescents: A comparison between gender Sousa, J., Fontes, L., Abreu, A., Gomes, A. R., &amp; Ramos, [&hellip;]\" \/>\n<meta property=\"og:url\" content=\"https:\/\/www.ardh.pt\/en\/teoria-e-pratica-apresentacoes\/\" \/>\n<meta property=\"og:site_name\" content=\"ARDH-GI\" \/>\n<meta property=\"article:modified_time\" content=\"2025-05-05T12:11:44+00:00\" \/>\n<meta name=\"twitter:card\" content=\"summary_large_image\" \/>\n<meta name=\"twitter:label1\" content=\"Estimated reading time\" \/>\n\t<meta name=\"twitter:data1\" content=\"1 minute\" \/>\n<script type=\"application\/ld+json\" class=\"yoast-schema-graph\">{\"@context\":\"https:\/\/schema.org\",\"@graph\":[{\"@type\":\"WebPage\",\"@id\":\"https:\/\/www.ardh.pt\/teoria-e-pratica-apresentacoes\/\",\"url\":\"https:\/\/www.ardh.pt\/teoria-e-pratica-apresentacoes\/\",\"name\":\"Teoria e Pr\u00e1tica - ARDH-GI\",\"isPartOf\":{\"@id\":\"https:\/\/www.ardh.pt\/#website\"},\"datePublished\":\"2024-02-16T20:02:26+00:00\",\"dateModified\":\"2025-05-05T12:11:44+00:00\",\"breadcrumb\":{\"@id\":\"https:\/\/www.ardh.pt\/teoria-e-pratica-apresentacoes\/#breadcrumb\"},\"inLanguage\":\"en-GB\",\"potentialAction\":[{\"@type\":\"ReadAction\",\"target\":[\"https:\/\/www.ardh.pt\/teoria-e-pratica-apresentacoes\/\"]}]},{\"@type\":\"BreadcrumbList\",\"@id\":\"https:\/\/www.ardh.pt\/teoria-e-pratica-apresentacoes\/#breadcrumb\",\"itemListElement\":[{\"@type\":\"ListItem\",\"position\":1,\"name\":\"In\u00edcio\",\"item\":\"https:\/\/www.ardh.pt\/\"},{\"@type\":\"ListItem\",\"position\":2,\"name\":\"Teoria e Pr\u00e1tica\"}]},{\"@type\":\"WebSite\",\"@id\":\"https:\/\/www.ardh.pt\/#website\",\"url\":\"https:\/\/www.ardh.pt\/\",\"name\":\"ARDH-GI\",\"description\":\"Adapta\u00e7\u00e3o, Rendimento e Desenvolvimento Humano\",\"publisher\":{\"@id\":\"https:\/\/www.ardh.pt\/#organization\"},\"potentialAction\":[{\"@type\":\"SearchAction\",\"target\":{\"@type\":\"EntryPoint\",\"urlTemplate\":\"https:\/\/www.ardh.pt\/?s={search_term_string}\"},\"query-input\":{\"@type\":\"PropertyValueSpecification\",\"valueRequired\":true,\"valueName\":\"search_term_string\"}}],\"inLanguage\":\"en-GB\"},{\"@type\":\"Organization\",\"@id\":\"https:\/\/www.ardh.pt\/#organization\",\"name\":\"Adapta\u00e7\u00e3o Rendimento e Desenvolvimento Humano\",\"url\":\"https:\/\/www.ardh.pt\/\",\"logo\":{\"@type\":\"ImageObject\",\"inLanguage\":\"en-GB\",\"@id\":\"https:\/\/www.ardh.pt\/#\/schema\/logo\/image\/\",\"url\":\"https:\/\/www.ardh.pt\/wp-content\/uploads\/2018\/02\/Desenho-sem-nome-e1518629927584.png\",\"contentUrl\":\"https:\/\/www.ardh.pt\/wp-content\/uploads\/2018\/02\/Desenho-sem-nome-e1518629927584.png\",\"width\":300,\"height\":60,\"caption\":\"Adapta\u00e7\u00e3o Rendimento e Desenvolvimento Humano\"},\"image\":{\"@id\":\"https:\/\/www.ardh.pt\/#\/schema\/logo\/image\/\"}}]}<\/script>\n<!-- \/ Yoast SEO plugin. -->","yoast_head_json":{"title":"Teoria e Pr\u00e1tica - ARDH-GI","robots":{"index":"index","follow":"follow","max-snippet":"max-snippet:-1","max-image-preview":"max-image-preview:large","max-video-preview":"max-video-preview:-1"},"canonical":"https:\/\/www.ardh.pt\/en\/teoria-e-pratica-apresentacoes\/","og_locale":"en_GB","og_type":"article","og_title":"Teoria e Pr\u00e1tica - ARDH-GI","og_description":"Apresenta\u00e7\u00f5es Life skills of adolescents: A comparison between gender Sousa, J., Fontes, L., Abreu, A., Gomes, A. R., &amp; Ramos, [&hellip;]","og_url":"https:\/\/www.ardh.pt\/en\/teoria-e-pratica-apresentacoes\/","og_site_name":"ARDH-GI","article_modified_time":"2025-05-05T12:11:44+00:00","twitter_card":"summary_large_image","twitter_misc":{"Estimated reading time":"1 minute"},"schema":{"@context":"https:\/\/schema.org","@graph":[{"@type":"WebPage","@id":"https:\/\/www.ardh.pt\/teoria-e-pratica-apresentacoes\/","url":"https:\/\/www.ardh.pt\/teoria-e-pratica-apresentacoes\/","name":"Teoria e Pr\u00e1tica - ARDH-GI","isPartOf":{"@id":"https:\/\/www.ardh.pt\/#website"},"datePublished":"2024-02-16T20:02:26+00:00","dateModified":"2025-05-05T12:11:44+00:00","breadcrumb":{"@id":"https:\/\/www.ardh.pt\/teoria-e-pratica-apresentacoes\/#breadcrumb"},"inLanguage":"en-GB","potentialAction":[{"@type":"ReadAction","target":["https:\/\/www.ardh.pt\/teoria-e-pratica-apresentacoes\/"]}]},{"@type":"BreadcrumbList","@id":"https:\/\/www.ardh.pt\/teoria-e-pratica-apresentacoes\/#breadcrumb","itemListElement":[{"@type":"ListItem","position":1,"name":"In\u00edcio","item":"https:\/\/www.ardh.pt\/"},{"@type":"ListItem","position":2,"name":"Teoria e Pr\u00e1tica"}]},{"@type":"WebSite","@id":"https:\/\/www.ardh.pt\/#website","url":"https:\/\/www.ardh.pt\/","name":"ARDH-GI","description":"Adapta\u00e7\u00e3o, Rendimento e Desenvolvimento Humano","publisher":{"@id":"https:\/\/www.ardh.pt\/#organization"},"potentialAction":[{"@type":"SearchAction","target":{"@type":"EntryPoint","urlTemplate":"https:\/\/www.ardh.pt\/?s={search_term_string}"},"query-input":{"@type":"PropertyValueSpecification","valueRequired":true,"valueName":"search_term_string"}}],"inLanguage":"en-GB"},{"@type":"Organization","@id":"https:\/\/www.ardh.pt\/#organization","name":"Adapta\u00e7\u00e3o Rendimento e Desenvolvimento Humano","url":"https:\/\/www.ardh.pt\/","logo":{"@type":"ImageObject","inLanguage":"en-GB","@id":"https:\/\/www.ardh.pt\/#\/schema\/logo\/image\/","url":"https:\/\/www.ardh.pt\/wp-content\/uploads\/2018\/02\/Desenho-sem-nome-e1518629927584.png","contentUrl":"https:\/\/www.ardh.pt\/wp-content\/uploads\/2018\/02\/Desenho-sem-nome-e1518629927584.png","width":300,"height":60,"caption":"Adapta\u00e7\u00e3o Rendimento e Desenvolvimento Humano"},"image":{"@id":"https:\/\/www.ardh.pt\/#\/schema\/logo\/image\/"}}]}},"_links":{"self":[{"href":"https:\/\/www.ardh.pt\/en\/wp-json\/wp\/v2\/pages\/4110","targetHints":{"allow":["GET"]}}],"collection":[{"href":"https:\/\/www.ardh.pt\/en\/wp-json\/wp\/v2\/pages"}],"about":[{"href":"https:\/\/www.ardh.pt\/en\/wp-json\/wp\/v2\/types\/page"}],"author":[{"embeddable":true,"href":"https:\/\/www.ardh.pt\/en\/wp-json\/wp\/v2\/users\/12"}],"replies":[{"embeddable":true,"href":"https:\/\/www.ardh.pt\/en\/wp-json\/wp\/v2\/comments?post=4110"}],"version-history":[{"count":4,"href":"https:\/\/www.ardh.pt\/en\/wp-json\/wp\/v2\/pages\/4110\/revisions"}],"predecessor-version":[{"id":4756,"href":"https:\/\/www.ardh.pt\/en\/wp-json\/wp\/v2\/pages\/4110\/revisions\/4756"}],"wp:attachment":[{"href":"https:\/\/www.ardh.pt\/en\/wp-json\/wp\/v2\/media?parent=4110"}],"curies":[{"name":"wp","href":"https:\/\/api.w.org\/{rel}","templated":true}]}}