{"id":4117,"date":"2024-02-16T20:02:31","date_gmt":"2024-02-16T20:02:31","guid":{"rendered":"https:\/\/www.ardh.pt\/?page_id=4117"},"modified":"2025-12-31T11:29:23","modified_gmt":"2025-12-31T11:29:23","slug":"5-comunicacao","status":"publish","type":"page","link":"https:\/\/www.ardh.pt\/en\/5-comunicacao\/","title":{"rendered":"Communication"},"content":{"rendered":"<div id=\"pl-4117\"  class=\"panel-layout\" ><div id=\"pg-4117-0\"  class=\"panel-grid panel-no-style\" ><div id=\"pgc-4117-0-0\"  class=\"panel-grid-cell\" ><div id=\"panel-4117-0-0-0\" class=\"so-panel widget widget_themegrill_flash_image tg-widget tg-image-widget panel-first-child panel-last-child\" data-index=\"0\" ><div class=\"so-rounded panel-widget-style panel-widget-style-for-4117-0-0-0\" >\t<img decoding=\"async\" src=\"https:\/\/www.ardh.pt\/wp-content\/uploads\/2024\/02\/5.-Comunicacao-Capa-scaled.jpg\" \/>\n<\/div><\/div><\/div><\/div><div id=\"pg-4117-1\"  class=\"panel-grid panel-no-style\" ><div id=\"pgc-4117-1-0\"  class=\"panel-grid-cell\" ><div id=\"panel-4117-1-0-0\" class=\"so-panel widget widget_text panel-first-child panel-last-child\" data-index=\"1\" >\t\t\t<div class=\"textwidget\"><p>In this link you will find materials about the life skill of communication, analyzing its importance in adaptation, performance, and human development in different life contexts.<\/p>\n<\/div>\n\t\t<\/div><\/div><\/div><div id=\"pg-4117-2\"  class=\"panel-grid panel-no-style\" ><div id=\"pgc-4117-2-0\"  class=\"panel-grid-cell panel-grid-cell-empty\" ><\/div><\/div><div id=\"pg-4117-3\"  class=\"panel-grid panel-no-style\" ><div id=\"pgc-4117-3-0\"  class=\"panel-grid-cell\" ><div id=\"panel-4117-3-0-0\" class=\"so-panel widget widget_sow-editor panel-first-child\" data-index=\"2\" ><div\n\t\t\t\n\t\t\tclass=\"so-widget-sow-editor so-widget-sow-editor-base\"\n\t\t\t\n\t\t>\n<div class=\"siteorigin-widget-tinymce textwidget\">\n\t<h2>Publications<\/h2>\n<p>&nbsp;<\/p>\n<p>Silva, I., Morais, C., &amp; Gomes, A. R. (2025). Relationship between leadership readiness and conflict management styles from the followers\u2019 perspective. <em>International Journal on Working Conditions, 28<\/em>, 43-62. https:\/\/doi.org\/10.5281\/zenodo.17937638 <a href=\"https:\/\/hdl.handle.net\/1822\/98608\" target=\"_blank\" rel=\"noopener\">See more<\/a><\/p>\n<hr \/>\n<p>Teixeira, M., Gomes, A. R., &amp; Morais, C. (2025). Parents and Athletes Relationship: \u201cI\u2019m the biggest cheerleader!\u201d. <em>Brazilian Journal of Sport Psychology &amp; Human Development, 1<\/em>(4), 1-11. https:\/\/www.periodicos.rc.biblioteca.unesp.br\/index.php\/brajosp\/article\/view\/19930\/13608 <a href=\"https:\/\/hdl.handle.net\/1822\/98923\" target=\"_blank\" rel=\"noopener\">See more<\/a><\/p>\n<hr \/>\n<p>Gomes, A. R. (2023). Comunica\u00e7\u00e3o, conflitos e negocia\u00e7\u00e3o: Uma perspetiva te\u00f3rica e implica\u00e7\u00f5es pr\u00e1ticas [Communication, conflicts and negotiation: A theoretical perspective and practical implications]. <em>Revista Pesquisa em Psicologia Aplicada, 1<\/em>(1), 1-24. <a href=\"https:\/\/hdl.handle.net\/1822\/85946\">See more<\/a><\/p>\n<hr \/>\n<p>Gomes, A. R., Almeida, A., Resende, R., &amp; Morais, C. (2020). Coach-athletes communication: Data from the communication behaviors evaluation system. <em>Journal of Sport Pedagogy &amp; Research, 6<\/em>(1), 51-61. <a href=\"http:\/\/hdl.handle.net\/1822\/67148\">See more<\/a><\/p>\n<hr \/>\n<p>Gomes, A. R. (2011). A rela\u00e7\u00e3o e comunica\u00e7\u00e3o entre treinador, pais e atletas em contextos de forma\u00e7\u00e3o desportiva [The relationship and communication between coaches, parents, and athletes in youth sports]. In A. A. Machado &amp; A. R. Gomes (Eds.), <em>Psicologia do esporte: Da escola \u00e0 competi\u00e7\u00e3o<\/em> (pp. 131-164). V\u00e1rzea Paulista: Editora Fontoura. <a href=\"http:\/\/hdl.handle.net\/1822\/15701\">See more<\/a><\/p>\n<p>&nbsp;<\/p>\n<p>&nbsp;<\/p>\n<\/div>\n<\/div><\/div><div id=\"panel-4117-3-0-1\" class=\"so-panel widget widget_text panel-last-child\" data-index=\"3\" >\t\t\t<div class=\"textwidget\"><\/div>\n\t\t<\/div><\/div><\/div><\/div>","protected":false},"excerpt":{"rendered":"<p>Nesta liga\u00e7\u00e3o encontra materiais sobre a compet\u00eancia de vida comunica\u00e7\u00e3o, analisando-se a sua import\u00e2ncia na adapta\u00e7\u00e3o, rendimento e desenvolvimento humano [&hellip;]<\/p>","protected":false},"author":12,"featured_media":0,"parent":0,"menu_order":0,"comment_status":"closed","ping_status":"closed","template":"","meta":{"om_disable_all_campaigns":false,"_monsterinsights_skip_tracking":false,"_monsterinsights_sitenote_active":false,"_monsterinsights_sitenote_note":"","_monsterinsights_sitenote_category":0,"_uf_show_specific_survey":0,"_uf_disable_surveys":false,"footnotes":""},"class_list":["post-4117","page","type-page","status-publish","hentry"],"yoast_head":"<!-- This site is optimized with the Yoast SEO plugin v24.1 - https:\/\/yoast.com\/wordpress\/plugins\/seo\/ -->\n<title>Comunica\u00e7\u00e3o - ARDH-GI<\/title>\n<meta name=\"robots\" content=\"index, follow, max-snippet:-1, max-image-preview:large, max-video-preview:-1\" \/>\n<link rel=\"canonical\" href=\"https:\/\/www.ardh.pt\/en\/5-comunicacao\/\" \/>\n<meta property=\"og:locale\" content=\"en_GB\" \/>\n<meta property=\"og:type\" content=\"article\" \/>\n<meta property=\"og:title\" content=\"Comunica\u00e7\u00e3o - ARDH-GI\" \/>\n<meta property=\"og:description\" content=\"Nesta liga\u00e7\u00e3o encontra materiais sobre a compet\u00eancia de vida comunica\u00e7\u00e3o, analisando-se a sua import\u00e2ncia na adapta\u00e7\u00e3o, rendimento e desenvolvimento humano [&hellip;]\" \/>\n<meta property=\"og:url\" content=\"https:\/\/www.ardh.pt\/en\/5-comunicacao\/\" \/>\n<meta property=\"og:site_name\" content=\"ARDH-GI\" \/>\n<meta property=\"article:modified_time\" content=\"2025-12-31T11:29:23+00:00\" \/>\n<meta name=\"twitter:card\" content=\"summary_large_image\" \/>\n<meta name=\"twitter:label1\" content=\"Estimated reading time\" \/>\n\t<meta name=\"twitter:data1\" content=\"2 minutes\" \/>\n<script type=\"application\/ld+json\" class=\"yoast-schema-graph\">{\"@context\":\"https:\/\/schema.org\",\"@graph\":[{\"@type\":\"WebPage\",\"@id\":\"https:\/\/www.ardh.pt\/5-comunicacao\/\",\"url\":\"https:\/\/www.ardh.pt\/5-comunicacao\/\",\"name\":\"Comunica\u00e7\u00e3o - ARDH-GI\",\"isPartOf\":{\"@id\":\"https:\/\/www.ardh.pt\/#website\"},\"datePublished\":\"2024-02-16T20:02:31+00:00\",\"dateModified\":\"2025-12-31T11:29:23+00:00\",\"breadcrumb\":{\"@id\":\"https:\/\/www.ardh.pt\/5-comunicacao\/#breadcrumb\"},\"inLanguage\":\"en-GB\",\"potentialAction\":[{\"@type\":\"ReadAction\",\"target\":[\"https:\/\/www.ardh.pt\/5-comunicacao\/\"]}]},{\"@type\":\"BreadcrumbList\",\"@id\":\"https:\/\/www.ardh.pt\/5-comunicacao\/#breadcrumb\",\"itemListElement\":[{\"@type\":\"ListItem\",\"position\":1,\"name\":\"In\u00edcio\",\"item\":\"https:\/\/www.ardh.pt\/\"},{\"@type\":\"ListItem\",\"position\":2,\"name\":\"Comunica\u00e7\u00e3o\"}]},{\"@type\":\"WebSite\",\"@id\":\"https:\/\/www.ardh.pt\/#website\",\"url\":\"https:\/\/www.ardh.pt\/\",\"name\":\"ARDH-GI\",\"description\":\"Adapta\u00e7\u00e3o, Rendimento e Desenvolvimento Humano\",\"publisher\":{\"@id\":\"https:\/\/www.ardh.pt\/#organization\"},\"potentialAction\":[{\"@type\":\"SearchAction\",\"target\":{\"@type\":\"EntryPoint\",\"urlTemplate\":\"https:\/\/www.ardh.pt\/?s={search_term_string}\"},\"query-input\":{\"@type\":\"PropertyValueSpecification\",\"valueRequired\":true,\"valueName\":\"search_term_string\"}}],\"inLanguage\":\"en-GB\"},{\"@type\":\"Organization\",\"@id\":\"https:\/\/www.ardh.pt\/#organization\",\"name\":\"Adapta\u00e7\u00e3o Rendimento e Desenvolvimento Humano\",\"url\":\"https:\/\/www.ardh.pt\/\",\"logo\":{\"@type\":\"ImageObject\",\"inLanguage\":\"en-GB\",\"@id\":\"https:\/\/www.ardh.pt\/#\/schema\/logo\/image\/\",\"url\":\"https:\/\/www.ardh.pt\/wp-content\/uploads\/2018\/02\/Desenho-sem-nome-e1518629927584.png\",\"contentUrl\":\"https:\/\/www.ardh.pt\/wp-content\/uploads\/2018\/02\/Desenho-sem-nome-e1518629927584.png\",\"width\":300,\"height\":60,\"caption\":\"Adapta\u00e7\u00e3o Rendimento e Desenvolvimento Humano\"},\"image\":{\"@id\":\"https:\/\/www.ardh.pt\/#\/schema\/logo\/image\/\"}}]}<\/script>\n<!-- \/ Yoast SEO plugin. -->","yoast_head_json":{"title":"Comunica\u00e7\u00e3o - ARDH-GI","robots":{"index":"index","follow":"follow","max-snippet":"max-snippet:-1","max-image-preview":"max-image-preview:large","max-video-preview":"max-video-preview:-1"},"canonical":"https:\/\/www.ardh.pt\/en\/5-comunicacao\/","og_locale":"en_GB","og_type":"article","og_title":"Comunica\u00e7\u00e3o - ARDH-GI","og_description":"Nesta liga\u00e7\u00e3o encontra materiais sobre a compet\u00eancia de vida comunica\u00e7\u00e3o, analisando-se a sua import\u00e2ncia na adapta\u00e7\u00e3o, rendimento e desenvolvimento humano [&hellip;]","og_url":"https:\/\/www.ardh.pt\/en\/5-comunicacao\/","og_site_name":"ARDH-GI","article_modified_time":"2025-12-31T11:29:23+00:00","twitter_card":"summary_large_image","twitter_misc":{"Estimated reading time":"2 minutes"},"schema":{"@context":"https:\/\/schema.org","@graph":[{"@type":"WebPage","@id":"https:\/\/www.ardh.pt\/5-comunicacao\/","url":"https:\/\/www.ardh.pt\/5-comunicacao\/","name":"Comunica\u00e7\u00e3o - ARDH-GI","isPartOf":{"@id":"https:\/\/www.ardh.pt\/#website"},"datePublished":"2024-02-16T20:02:31+00:00","dateModified":"2025-12-31T11:29:23+00:00","breadcrumb":{"@id":"https:\/\/www.ardh.pt\/5-comunicacao\/#breadcrumb"},"inLanguage":"en-GB","potentialAction":[{"@type":"ReadAction","target":["https:\/\/www.ardh.pt\/5-comunicacao\/"]}]},{"@type":"BreadcrumbList","@id":"https:\/\/www.ardh.pt\/5-comunicacao\/#breadcrumb","itemListElement":[{"@type":"ListItem","position":1,"name":"In\u00edcio","item":"https:\/\/www.ardh.pt\/"},{"@type":"ListItem","position":2,"name":"Comunica\u00e7\u00e3o"}]},{"@type":"WebSite","@id":"https:\/\/www.ardh.pt\/#website","url":"https:\/\/www.ardh.pt\/","name":"ARDH-GI","description":"Adapta\u00e7\u00e3o, Rendimento e Desenvolvimento Humano","publisher":{"@id":"https:\/\/www.ardh.pt\/#organization"},"potentialAction":[{"@type":"SearchAction","target":{"@type":"EntryPoint","urlTemplate":"https:\/\/www.ardh.pt\/?s={search_term_string}"},"query-input":{"@type":"PropertyValueSpecification","valueRequired":true,"valueName":"search_term_string"}}],"inLanguage":"en-GB"},{"@type":"Organization","@id":"https:\/\/www.ardh.pt\/#organization","name":"Adapta\u00e7\u00e3o Rendimento e Desenvolvimento Humano","url":"https:\/\/www.ardh.pt\/","logo":{"@type":"ImageObject","inLanguage":"en-GB","@id":"https:\/\/www.ardh.pt\/#\/schema\/logo\/image\/","url":"https:\/\/www.ardh.pt\/wp-content\/uploads\/2018\/02\/Desenho-sem-nome-e1518629927584.png","contentUrl":"https:\/\/www.ardh.pt\/wp-content\/uploads\/2018\/02\/Desenho-sem-nome-e1518629927584.png","width":300,"height":60,"caption":"Adapta\u00e7\u00e3o Rendimento e Desenvolvimento Humano"},"image":{"@id":"https:\/\/www.ardh.pt\/#\/schema\/logo\/image\/"}}]}},"_links":{"self":[{"href":"https:\/\/www.ardh.pt\/en\/wp-json\/wp\/v2\/pages\/4117","targetHints":{"allow":["GET"]}}],"collection":[{"href":"https:\/\/www.ardh.pt\/en\/wp-json\/wp\/v2\/pages"}],"about":[{"href":"https:\/\/www.ardh.pt\/en\/wp-json\/wp\/v2\/types\/page"}],"author":[{"embeddable":true,"href":"https:\/\/www.ardh.pt\/en\/wp-json\/wp\/v2\/users\/12"}],"replies":[{"embeddable":true,"href":"https:\/\/www.ardh.pt\/en\/wp-json\/wp\/v2\/comments?post=4117"}],"version-history":[{"count":14,"href":"https:\/\/www.ardh.pt\/en\/wp-json\/wp\/v2\/pages\/4117\/revisions"}],"predecessor-version":[{"id":4898,"href":"https:\/\/www.ardh.pt\/en\/wp-json\/wp\/v2\/pages\/4117\/revisions\/4898"}],"wp:attachment":[{"href":"https:\/\/www.ardh.pt\/en\/wp-json\/wp\/v2\/media?parent=4117"}],"curies":[{"name":"wp","href":"https:\/\/api.w.org\/{rel}","templated":true}]}}