{"id":4139,"date":"2024-02-16T20:00:08","date_gmt":"2024-02-16T20:00:08","guid":{"rendered":"https:\/\/www.ardh.pt\/?page_id=4139"},"modified":"2025-05-05T12:11:03","modified_gmt":"2025-05-05T12:11:03","slug":"8-3-bem-estar","status":"publish","type":"page","link":"https:\/\/www.ardh.pt\/en\/8-3-bem-estar\/","title":{"rendered":"Well-being"},"content":{"rendered":"<div id=\"pl-4139\"  class=\"panel-layout\" ><div id=\"pg-4139-0\"  class=\"panel-grid panel-no-style\" ><div id=\"pgc-4139-0-0\"  class=\"panel-grid-cell\" ><div id=\"panel-4139-0-0-0\" class=\"so-panel widget widget_themegrill_flash_image tg-widget tg-image-widget panel-first-child panel-last-child\" data-index=\"0\" >\t<img decoding=\"async\" src=\"https:\/\/www.ardh.pt\/wp-content\/uploads\/2024\/02\/4.-Entrevistas-com-Capa-scaled.jpg\" \/>\n<\/div><\/div><\/div><div id=\"pg-4139-1\"  class=\"panel-grid panel-no-style\" ><div id=\"pgc-4139-1-0\"  class=\"panel-grid-cell\" ><div id=\"panel-4139-1-0-0\" class=\"so-panel widget widget_text panel-first-child panel-last-child\" data-index=\"1\" ><h3 class=\"widget-title\">Interview with<\/h3>\t\t\t<div class=\"textwidget\"><\/div>\n\t\t<\/div><\/div><\/div><div id=\"pg-4139-2\"  class=\"panel-grid panel-has-style\" ><div class=\"siteorigin-panels-stretch panel-row-style panel-row-style-for-4139-2\" data-stretch-type=\"full\" ><div id=\"pgc-4139-2-0\"  class=\"panel-grid-cell\" ><div id=\"panel-4139-2-0-0\" class=\"so-panel widget widget_media_video panel-first-child panel-last-child\" data-index=\"2\" ><div style=\"width:100%;\" class=\"wp-video\"><video class=\"wp-video-shortcode\" id=\"video-4139-1\" preload=\"metadata\" controls=\"controls\"><source type=\"video\/youtube\" src=\"https:\/\/www.youtube.com\/watch?v=MgtGrkzHVyc&#038;_=1\" \/><a href=\"https:\/\/www.youtube.com\/watch?v=MgtGrkzHVyc\">https:\/\/www.youtube.com\/watch?v=MgtGrkzHVyc<\/a><\/video><\/div><\/div><\/div><div id=\"pgc-4139-2-1\"  class=\"panel-grid-cell\" ><div id=\"panel-4139-2-1-0\" class=\"so-panel widget widget_themegrill_flash_heading tg-widget section-title-wrapper panel-first-child\" data-index=\"3\" >\t<h3 class=\"section-title\">Interview with Sergio Ib\u00e1\u00f1ez<\/h3>\n<\/div><div id=\"panel-4139-2-1-1\" class=\"so-panel widget widget_sow-editor panel-last-child\" data-index=\"4\" ><div\n\t\t\t\n\t\t\tclass=\"so-widget-sow-editor so-widget-sow-editor-base\"\n\t\t\t\n\t\t>\n<div class=\"siteorigin-widget-tinymce textwidget\">\n\t<p style=\"text-align: center;\">University of Extremadura - Spain<br \/>\nTheme: Youth sport<br \/>\nInterviewer: Rui Resende<br \/>\nLanguage: Spanish<\/p>\n<\/div>\n<\/div><\/div><\/div><\/div><\/div><div id=\"pg-4139-3\"  class=\"panel-grid panel-no-style\" ><div id=\"pgc-4139-3-0\"  class=\"panel-grid-cell\" ><div id=\"panel-4139-3-0-0\" class=\"so-panel widget widget_sow-editor panel-first-child panel-last-child\" data-index=\"5\" ><div\n\t\t\t\n\t\t\tclass=\"so-widget-sow-editor so-widget-sow-editor-base\"\n\t\t\t\n\t\t>\n<div class=\"siteorigin-widget-tinymce textwidget\">\n\t<hr \/>\n<\/div>\n<\/div><\/div><\/div><\/div><div id=\"pg-4139-4\"  class=\"panel-grid panel-has-style\" ><div class=\"siteorigin-panels-stretch panel-row-style panel-row-style-for-4139-4\" data-stretch-type=\"full\" ><div id=\"pgc-4139-4-0\"  class=\"panel-grid-cell\" ><div id=\"panel-4139-4-0-0\" class=\"so-panel widget widget_themegrill_flash_heading tg-widget section-title-wrapper panel-first-child\" data-index=\"6\" >\t<h3 class=\"section-title\">Interview with James E. Maddux<\/h3>\n<\/div><div id=\"panel-4139-4-0-1\" class=\"so-panel widget widget_sow-editor panel-last-child\" data-index=\"7\" ><div\n\t\t\t\n\t\t\tclass=\"so-widget-sow-editor so-widget-sow-editor-base\"\n\t\t\t\n\t\t>\n<div class=\"siteorigin-widget-tinymce textwidget\">\n\t<p style=\"text-align: center;\">George Mason University | April 2014<br \/>\nCenter for the Advancement of Well-Being. USA<br \/>\nTopic: Psychological factors involved in physical exercise<br \/>\nLanguage: English<\/p>\n<\/div>\n<\/div><\/div><\/div><div id=\"pgc-4139-4-1\"  class=\"panel-grid-cell\" ><div id=\"panel-4139-4-1-0\" class=\"so-panel widget widget_media_video panel-first-child panel-last-child\" data-index=\"8\" ><div style=\"width:100%;\" class=\"wp-video\"><video class=\"wp-video-shortcode\" id=\"video-4139-2\" preload=\"metadata\" controls=\"controls\"><source type=\"video\/youtube\" src=\"https:\/\/www.youtube.com\/watch?v=jbjOrtOsr74&#038;_=2\" \/><a href=\"https:\/\/www.youtube.com\/watch?v=jbjOrtOsr74\">https:\/\/www.youtube.com\/watch?v=jbjOrtOsr74<\/a><\/video><\/div><\/div><\/div><\/div><\/div><div id=\"pg-4139-5\"  class=\"panel-grid panel-no-style\" ><div id=\"pgc-4139-5-0\"  class=\"panel-grid-cell\" ><div id=\"panel-4139-5-0-0\" class=\"so-panel widget widget_sow-editor panel-first-child panel-last-child\" data-index=\"9\" ><div\n\t\t\t\n\t\t\tclass=\"so-widget-sow-editor so-widget-sow-editor-base\"\n\t\t\t\n\t\t>\n<div class=\"siteorigin-widget-tinymce textwidget\">\n\t<hr \/>\n<\/div>\n<\/div><\/div><\/div><\/div><div id=\"pg-4139-6\"  class=\"panel-grid panel-has-style\" ><div class=\"panel-row-style panel-row-style-for-4139-6\" ><div id=\"pgc-4139-6-0\"  class=\"panel-grid-cell\" ><div id=\"panel-4139-6-0-0\" class=\"so-panel widget widget_media_video panel-first-child panel-last-child\" data-index=\"10\" ><div style=\"width:100%;\" class=\"wp-video\"><video class=\"wp-video-shortcode\" id=\"video-4139-3\" preload=\"metadata\" controls=\"controls\"><source type=\"video\/youtube\" src=\"https:\/\/www.youtube.com\/watch?v=mlMyGCJ4ngQ&#038;_=3\" \/><a href=\"https:\/\/www.youtube.com\/watch?v=mlMyGCJ4ngQ\">https:\/\/www.youtube.com\/watch?v=mlMyGCJ4ngQ<\/a><\/video><\/div><\/div><\/div><div id=\"pgc-4139-6-1\"  class=\"panel-grid-cell\" ><div id=\"panel-4139-6-1-0\" class=\"so-panel widget widget_themegrill_flash_heading tg-widget section-title-wrapper panel-first-child\" data-index=\"11\" >\t<h3 class=\"section-title\">Entrevista com Jean C\u00f4t\u00e9<\/h3>\n<\/div><div id=\"panel-4139-6-1-1\" class=\"so-panel widget widget_sow-editor panel-last-child\" data-index=\"12\" ><div\n\t\t\t\n\t\t\tclass=\"so-widget-sow-editor so-widget-sow-editor-base\"\n\t\t\t\n\t\t>\n<div class=\"siteorigin-widget-tinymce textwidget\">\n\t<p style=\"text-align: center;\">Universidade de Queen - Canada | Novembro 2013<br \/>\nTheme: Youth sport<br \/>\nInterviewer: Rui Resende<br \/>\nLanguage: English<\/p>\n<\/div>\n<\/div><\/div><\/div><\/div><\/div><\/div>","protected":false},"excerpt":{"rendered":"<p>Entrevista com&#8230; https:\/\/www.youtube.com\/watch?v=MgtGrkzHVyc Entrevista com S\u00e9rgio Ib\u00e1\u00f1ez Universidade de Extremadura &#8211; Espanha Tema: Desporto de jovens Entrevistador: Rui Resende Idioma: [&hellip;]<\/p>","protected":false},"author":12,"featured_media":0,"parent":0,"menu_order":0,"comment_status":"closed","ping_status":"closed","template":"","meta":{"om_disable_all_campaigns":false,"_monsterinsights_skip_tracking":false,"_monsterinsights_sitenote_active":false,"_monsterinsights_sitenote_note":"","_monsterinsights_sitenote_category":0,"_uf_show_specific_survey":0,"_uf_disable_surveys":false,"footnotes":""},"class_list":["post-4139","page","type-page","status-publish","hentry"],"yoast_head":"<!-- This site is optimized with the Yoast SEO plugin v24.1 - https:\/\/yoast.com\/wordpress\/plugins\/seo\/ -->\n<title>Bem-Estar - ARDH-GI<\/title>\n<meta name=\"robots\" content=\"index, follow, max-snippet:-1, max-image-preview:large, max-video-preview:-1\" \/>\n<link rel=\"canonical\" href=\"https:\/\/www.ardh.pt\/en\/8-3-bem-estar\/\" \/>\n<meta property=\"og:locale\" content=\"en_GB\" \/>\n<meta property=\"og:type\" content=\"article\" \/>\n<meta property=\"og:title\" content=\"Bem-Estar - ARDH-GI\" \/>\n<meta property=\"og:description\" content=\"Entrevista com&#8230; https:\/\/www.youtube.com\/watch?v=MgtGrkzHVyc Entrevista com S\u00e9rgio Ib\u00e1\u00f1ez Universidade de Extremadura - Espanha Tema: Desporto de jovens Entrevistador: Rui Resende Idioma: [&hellip;]\" \/>\n<meta property=\"og:url\" content=\"https:\/\/www.ardh.pt\/en\/8-3-bem-estar\/\" \/>\n<meta property=\"og:site_name\" content=\"ARDH-GI\" \/>\n<meta property=\"article:modified_time\" content=\"2025-05-05T12:11:03+00:00\" \/>\n<meta name=\"twitter:card\" content=\"summary_large_image\" \/>\n<meta name=\"twitter:label1\" content=\"Estimated reading time\" \/>\n\t<meta name=\"twitter:data1\" content=\"1 minute\" \/>\n<script type=\"application\/ld+json\" class=\"yoast-schema-graph\">{\"@context\":\"https:\/\/schema.org\",\"@graph\":[{\"@type\":\"WebPage\",\"@id\":\"https:\/\/www.ardh.pt\/8-3-bem-estar\/\",\"url\":\"https:\/\/www.ardh.pt\/8-3-bem-estar\/\",\"name\":\"Bem-Estar - ARDH-GI\",\"isPartOf\":{\"@id\":\"https:\/\/www.ardh.pt\/#website\"},\"datePublished\":\"2024-02-16T20:00:08+00:00\",\"dateModified\":\"2025-05-05T12:11:03+00:00\",\"breadcrumb\":{\"@id\":\"https:\/\/www.ardh.pt\/8-3-bem-estar\/#breadcrumb\"},\"inLanguage\":\"en-GB\",\"potentialAction\":[{\"@type\":\"ReadAction\",\"target\":[\"https:\/\/www.ardh.pt\/8-3-bem-estar\/\"]}]},{\"@type\":\"BreadcrumbList\",\"@id\":\"https:\/\/www.ardh.pt\/8-3-bem-estar\/#breadcrumb\",\"itemListElement\":[{\"@type\":\"ListItem\",\"position\":1,\"name\":\"In\u00edcio\",\"item\":\"https:\/\/www.ardh.pt\/\"},{\"@type\":\"ListItem\",\"position\":2,\"name\":\"Bem-Estar\"}]},{\"@type\":\"WebSite\",\"@id\":\"https:\/\/www.ardh.pt\/#website\",\"url\":\"https:\/\/www.ardh.pt\/\",\"name\":\"ARDH-GI\",\"description\":\"Adapta\u00e7\u00e3o, Rendimento e Desenvolvimento Humano\",\"publisher\":{\"@id\":\"https:\/\/www.ardh.pt\/#organization\"},\"potentialAction\":[{\"@type\":\"SearchAction\",\"target\":{\"@type\":\"EntryPoint\",\"urlTemplate\":\"https:\/\/www.ardh.pt\/?s={search_term_string}\"},\"query-input\":{\"@type\":\"PropertyValueSpecification\",\"valueRequired\":true,\"valueName\":\"search_term_string\"}}],\"inLanguage\":\"en-GB\"},{\"@type\":\"Organization\",\"@id\":\"https:\/\/www.ardh.pt\/#organization\",\"name\":\"Adapta\u00e7\u00e3o Rendimento e Desenvolvimento Humano\",\"url\":\"https:\/\/www.ardh.pt\/\",\"logo\":{\"@type\":\"ImageObject\",\"inLanguage\":\"en-GB\",\"@id\":\"https:\/\/www.ardh.pt\/#\/schema\/logo\/image\/\",\"url\":\"https:\/\/www.ardh.pt\/wp-content\/uploads\/2018\/02\/Desenho-sem-nome-e1518629927584.png\",\"contentUrl\":\"https:\/\/www.ardh.pt\/wp-content\/uploads\/2018\/02\/Desenho-sem-nome-e1518629927584.png\",\"width\":300,\"height\":60,\"caption\":\"Adapta\u00e7\u00e3o Rendimento e Desenvolvimento Humano\"},\"image\":{\"@id\":\"https:\/\/www.ardh.pt\/#\/schema\/logo\/image\/\"}}]}<\/script>\n<!-- \/ Yoast SEO plugin. -->","yoast_head_json":{"title":"Bem-Estar - ARDH-GI","robots":{"index":"index","follow":"follow","max-snippet":"max-snippet:-1","max-image-preview":"max-image-preview:large","max-video-preview":"max-video-preview:-1"},"canonical":"https:\/\/www.ardh.pt\/en\/8-3-bem-estar\/","og_locale":"en_GB","og_type":"article","og_title":"Bem-Estar - ARDH-GI","og_description":"Entrevista com&#8230; https:\/\/www.youtube.com\/watch?v=MgtGrkzHVyc Entrevista com S\u00e9rgio Ib\u00e1\u00f1ez Universidade de Extremadura - Espanha Tema: Desporto de jovens Entrevistador: Rui Resende Idioma: [&hellip;]","og_url":"https:\/\/www.ardh.pt\/en\/8-3-bem-estar\/","og_site_name":"ARDH-GI","article_modified_time":"2025-05-05T12:11:03+00:00","twitter_card":"summary_large_image","twitter_misc":{"Estimated reading time":"1 minute"},"schema":{"@context":"https:\/\/schema.org","@graph":[{"@type":"WebPage","@id":"https:\/\/www.ardh.pt\/8-3-bem-estar\/","url":"https:\/\/www.ardh.pt\/8-3-bem-estar\/","name":"Bem-Estar - ARDH-GI","isPartOf":{"@id":"https:\/\/www.ardh.pt\/#website"},"datePublished":"2024-02-16T20:00:08+00:00","dateModified":"2025-05-05T12:11:03+00:00","breadcrumb":{"@id":"https:\/\/www.ardh.pt\/8-3-bem-estar\/#breadcrumb"},"inLanguage":"en-GB","potentialAction":[{"@type":"ReadAction","target":["https:\/\/www.ardh.pt\/8-3-bem-estar\/"]}]},{"@type":"BreadcrumbList","@id":"https:\/\/www.ardh.pt\/8-3-bem-estar\/#breadcrumb","itemListElement":[{"@type":"ListItem","position":1,"name":"In\u00edcio","item":"https:\/\/www.ardh.pt\/"},{"@type":"ListItem","position":2,"name":"Bem-Estar"}]},{"@type":"WebSite","@id":"https:\/\/www.ardh.pt\/#website","url":"https:\/\/www.ardh.pt\/","name":"ARDH-GI","description":"Adapta\u00e7\u00e3o, Rendimento e Desenvolvimento Humano","publisher":{"@id":"https:\/\/www.ardh.pt\/#organization"},"potentialAction":[{"@type":"SearchAction","target":{"@type":"EntryPoint","urlTemplate":"https:\/\/www.ardh.pt\/?s={search_term_string}"},"query-input":{"@type":"PropertyValueSpecification","valueRequired":true,"valueName":"search_term_string"}}],"inLanguage":"en-GB"},{"@type":"Organization","@id":"https:\/\/www.ardh.pt\/#organization","name":"Adapta\u00e7\u00e3o Rendimento e Desenvolvimento Humano","url":"https:\/\/www.ardh.pt\/","logo":{"@type":"ImageObject","inLanguage":"en-GB","@id":"https:\/\/www.ardh.pt\/#\/schema\/logo\/image\/","url":"https:\/\/www.ardh.pt\/wp-content\/uploads\/2018\/02\/Desenho-sem-nome-e1518629927584.png","contentUrl":"https:\/\/www.ardh.pt\/wp-content\/uploads\/2018\/02\/Desenho-sem-nome-e1518629927584.png","width":300,"height":60,"caption":"Adapta\u00e7\u00e3o Rendimento e Desenvolvimento Humano"},"image":{"@id":"https:\/\/www.ardh.pt\/#\/schema\/logo\/image\/"}}]}},"_links":{"self":[{"href":"https:\/\/www.ardh.pt\/en\/wp-json\/wp\/v2\/pages\/4139","targetHints":{"allow":["GET"]}}],"collection":[{"href":"https:\/\/www.ardh.pt\/en\/wp-json\/wp\/v2\/pages"}],"about":[{"href":"https:\/\/www.ardh.pt\/en\/wp-json\/wp\/v2\/types\/page"}],"author":[{"embeddable":true,"href":"https:\/\/www.ardh.pt\/en\/wp-json\/wp\/v2\/users\/12"}],"replies":[{"embeddable":true,"href":"https:\/\/www.ardh.pt\/en\/wp-json\/wp\/v2\/comments?post=4139"}],"version-history":[{"count":12,"href":"https:\/\/www.ardh.pt\/en\/wp-json\/wp\/v2\/pages\/4139\/revisions"}],"predecessor-version":[{"id":4754,"href":"https:\/\/www.ardh.pt\/en\/wp-json\/wp\/v2\/pages\/4139\/revisions\/4754"}],"wp:attachment":[{"href":"https:\/\/www.ardh.pt\/en\/wp-json\/wp\/v2\/media?parent=4139"}],"curies":[{"name":"wp","href":"https:\/\/api.w.org\/{rel}","templated":true}]}}