{"id":4366,"date":"2024-03-13T11:40:43","date_gmt":"2024-03-13T11:40:43","guid":{"rendered":"https:\/\/www.ardh.pt\/?page_id=4366"},"modified":"2024-08-31T17:20:46","modified_gmt":"2024-08-31T17:20:46","slug":"livros","status":"publish","type":"page","link":"https:\/\/www.ardh.pt\/en\/livros\/","title":{"rendered":"Books"},"content":{"rendered":"<div id=\"pl-gb4366-69e8dbebbf235\"  class=\"panel-layout\" ><div id=\"pg-gb4366-69e8dbebbf235-0\"  class=\"panel-grid panel-no-style\" ><div id=\"pgc-gb4366-69e8dbebbf235-0-0\"  class=\"panel-grid-cell\" ><div id=\"panel-gb4366-69e8dbebbf235-0-0-0\" class=\"so-panel widget widget_themegrill_flash_image tg-widget tg-image-widget panel-first-child panel-last-child\" data-index=\"0\" >\t<a href=\"http:\/\/Um%20des\u00edgnio...%20Desenvolver%20o%20potencial%20humano!\"><img decoding=\"async\" src=\"\" \/><\/a>\n<\/div><\/div><\/div><div id=\"pg-gb4366-69e8dbebbf235-1\"  class=\"panel-grid panel-no-style\" ><div id=\"pgc-gb4366-69e8dbebbf235-1-0\"  class=\"panel-grid-cell\" ><div id=\"panel-gb4366-69e8dbebbf235-1-0-0\" class=\"so-panel widget widget_themegrill_flash_heading tg-widget section-title-wrapper panel-first-child panel-last-child\" data-index=\"1\" >\t<h3 class=\"section-title\">Our Books<\/h3>\n<\/div><\/div><\/div><div id=\"pg-gb4366-69e8dbebbf235-2\"  class=\"panel-grid panel-no-style\" ><div id=\"pgc-gb4366-69e8dbebbf235-2-0\"  class=\"panel-grid-cell\" ><div id=\"panel-gb4366-69e8dbebbf235-2-0-0\" class=\"so-panel widget widget_themegrill_flash_team tg-widget tg-single-team panel-first-child panel-last-child\" data-index=\"2\" ><div class=\"tg-team-widget tg-team-layout-1\">\n\t<div class=\"team-wrapper\">\n\t\t\t\t<div class=\"team-img\">\n\t\t\t\t\t\t<img decoding=\"async\" src=\"https:\/\/www.ardh.pt\/wp-content\/uploads\/2024\/03\/capture_202403131127046671.png\" alt=\"Desporto juvenil: Contributos da psicologia para o desenvolvimento dos atletas\"\/>\n\t\t<\/div>\n\t\t\t\t<div class=\"team-content-wrapper\">\n\t\t\t<div class=\"team-desc-wrapper\">\n\t\t\t\t<h3 class=\"team-title\">Youth sport: Contributions of psychology to the development of athletes<\/h3>\n\t\t\t\t<div class=\"team-designation\">Rui Gomes<\/div>\n\t\t\t\t<div class=\"team-content\">Book | 2024 | Available <a href=\"https:\/\/hdl.handle.net\/1822\/89480\" target=\"_blank\">here<\/a><\/div>\n\t\t\t\t\t\t\t<\/div>\n\t\t<\/div>\n\t<\/div>\n<\/div>\n<\/div><\/div><div id=\"pgc-gb4366-69e8dbebbf235-2-1\"  class=\"panel-grid-cell\" ><div id=\"panel-gb4366-69e8dbebbf235-2-1-0\" class=\"so-panel widget widget_themegrill_flash_team tg-widget tg-single-team panel-first-child panel-last-child\" data-index=\"3\" ><div class=\"tg-team-widget tg-team-layout-1\">\n\t<div class=\"team-wrapper\">\n\t\t\t\t<div class=\"team-img\">\n\t\t\t\t\t\t<img decoding=\"async\" src=\"https:\/\/www.e-cv.pt\/wp-content\/uploads\/2021\/02\/Capa-3-M\u00e1xima-resolu\u00e7\u00e3o-2.jpeg\" alt=\"Liderar com Efic\u00e1cia | Um Guia Pr\u00e1tico\"\/>\n\t\t<\/div>\n\t\t\t\t<div class=\"team-content-wrapper\">\n\t\t\t<div class=\"team-desc-wrapper\">\n\t\t\t\t<h3 class=\"team-title\">Leading Effectively: A Practical Guide<\/h3>\n\t\t\t\t<div class=\"team-designation\">Rui Gomes<\/div>\n\t\t\t\t<div class=\"team-content\">Leading Effectively | 2021 | Available <a href=\"https:\/\/www.kobo.com\/pt\/pt\/ebook\/liderar-com-eficacia-um-guia-pratico\" target=\"_blank\">here<\/a><\/div>\n\t\t\t\t\t\t\t<\/div>\n\t\t<\/div>\n\t<\/div>\n<\/div>\n<\/div><\/div><div id=\"pgc-gb4366-69e8dbebbf235-2-2\"  class=\"panel-grid-cell\" ><div id=\"panel-gb4366-69e8dbebbf235-2-2-0\" class=\"so-panel widget widget_themegrill_flash_team tg-widget tg-single-team panel-first-child panel-last-child\" data-index=\"4\" ><div class=\"tg-team-widget tg-team-layout-1\">\n\t<div class=\"team-wrapper\">\n\t\t\t\t<div class=\"team-img\">\n\t\t\t\t\t\t<img decoding=\"async\" src=\"https:\/\/www.e-cv.pt\/wp-content\/uploads\/2021\/03\/Capa-JPEG.jpg\" alt=\"Coaching for human development and performance in sports\"\/>\n\t\t<\/div>\n\t\t\t\t<div class=\"team-content-wrapper\">\n\t\t\t<div class=\"team-desc-wrapper\">\n\t\t\t\t<h3 class=\"team-title\">Coaching for human development and performance in sports<\/h3>\n\t\t\t\t<div class=\"team-designation\">Rui Resende &amp; Rui Gomes<\/div>\n\t\t\t\t<div class=\"team-content\">Coaching for human development and performance in sports | 2020 | Available <a href=\"https:\/\/www.springer.com\/gp\/book\/9783030639112\" target=\"_blank\">here<\/a><\/div>\n\t\t\t\t\t\t\t<\/div>\n\t\t<\/div>\n\t<\/div>\n<\/div>\n<\/div><\/div><div id=\"pgc-gb4366-69e8dbebbf235-2-3\"  class=\"panel-grid-cell\" ><div id=\"panel-gb4366-69e8dbebbf235-2-3-0\" class=\"so-panel widget widget_themegrill_flash_team tg-widget tg-single-team panel-first-child panel-last-child\" data-index=\"5\" ><div class=\"tg-team-widget tg-team-layout-1\">\n\t<div class=\"team-wrapper\">\n\t\t\t\t<div class=\"team-img\">\n\t\t\t\t\t\t<img decoding=\"async\" src=\"https:\/\/www.ardh.pt\/wp-content\/uploads\/2024\/02\/capa-relacoes-interpessoais-concepcoes-e-contextos-de-intervencao-e-avaliacao-e1707412479377.jpg\" alt=\"Rela\u00e7\u00f5es interpessoais: Concep\u00e7\u00f5es e Contextos de Interven\u00e7\u00e3o e Avalia\u00e7\u00e3o\"\/>\n\t\t<\/div>\n\t\t\t\t<div class=\"team-content-wrapper\">\n\t\t\t<div class=\"team-desc-wrapper\">\n\t\t\t\t<h3 class=\"team-title\">Interpersonal Relations: Concepts and Contexts of Intervention and Evaluation<\/h3>\n\t\t\t\t<div class=\"team-designation\">D. Bartholomeu, J. Montiel, A. Machado, R. Gomes, G. Couto e V. Borges.<\/div>\n\t\t\t\t<div class=\"team-content\">General Psychology | Pages: 380 | 1st Edition | 2016\nAvailable <a href=\"https:\/\/www.amazon.com.br\/Interpessoais-Concep%C3%A7%C3%B5es-Contextos-Interven%C3%A7%C3%A3o-Avalia%C3%A7%C3%A3o\/dp\/8575857827\" target=\"_blank\">here<\/a><\/div>\n\t\t\t\t\t\t\t<\/div>\n\t\t<\/div>\n\t<\/div>\n<\/div>\n<\/div><\/div><\/div><div id=\"pg-gb4366-69e8dbebbf235-3\"  class=\"panel-grid panel-no-style\" ><div id=\"pgc-gb4366-69e8dbebbf235-3-0\"  class=\"panel-grid-cell\" ><div id=\"panel-gb4366-69e8dbebbf235-3-0-0\" class=\"so-panel widget widget_themegrill_flash_team tg-widget tg-single-team panel-first-child panel-last-child\" data-index=\"6\" ><div class=\"tg-team-widget tg-team-layout-1\">\n\t<div class=\"team-wrapper\">\n\t\t\t\t<div class=\"team-img\">\n\t\t\t\t\t\t<img decoding=\"async\" src=\"https:\/\/www.ardh.pt\/wp-content\/uploads\/2024\/02\/500x.jpeg\" alt=\"Forma\u00e7\u00e3o e saberes em desporto, educa\u00e7\u00e3o f\u00edsica e lazer\"\/>\n\t\t<\/div>\n\t\t\t\t<div class=\"team-content-wrapper\">\n\t\t\t<div class=\"team-desc-wrapper\">\n\t\t\t\t<h3 class=\"team-title\">Training and knowledge in sport, physical education and leisure<\/h3>\n\t\t\t\t<div class=\"team-designation\">R. Resende; A. Albuquerque; R. Gomes<\/div>\n\t\t\t\t<div class=\"team-content\">No. of pages: 560 | Published: 2015 | Language: Portuguese | Available <a href=\"http:\/\/www.omniservicos.pt\/novidades\/4168\" target=\"_blank\">here<\/a><\/div>\n\t\t\t\t\t\t\t<\/div>\n\t\t<\/div>\n\t<\/div>\n<\/div>\n<\/div><\/div><div id=\"pgc-gb4366-69e8dbebbf235-3-1\"  class=\"panel-grid-cell\" ><div id=\"panel-gb4366-69e8dbebbf235-3-1-0\" class=\"so-panel widget widget_themegrill_flash_team tg-widget tg-single-team panel-first-child panel-last-child\" data-index=\"7\" ><div class=\"tg-team-widget tg-team-layout-1\">\n\t<div class=\"team-wrapper\">\n\t\t\t\t<div class=\"team-img\">\n\t\t\t\t\t\t<img decoding=\"async\" src=\"https:\/\/www.e-cv.pt\/wp-content\/uploads\/2019\/06\/positiveHuman_vol1.png\" alt=\"Positive Human Functioning From a Multidimensional Perspective\"\/>\n\t\t<\/div>\n\t\t\t\t<div class=\"team-content-wrapper\">\n\t\t\t<div class=\"team-desc-wrapper\">\n\t\t\t\t<h3 class=\"team-title\">Positive Human Functioning From a Multidimensional Perspective<\/h3>\n\t\t\t\t<div class=\"team-designation\">A.R., Resende, R., &amp; Albuquerque, A. (Eds.) (2014)<\/div>\n\t\t\t\t<div class=\"team-content\">Promoting Stress Adaptation | Volume 1 | Psychology of Emotions, Motivations and Actions | Available <a href=\"https:\/\/www.ardh.pt\/documentos\/investigacao\/publicacoes\/liv3.pdf\" target=\"_blank\">here<\/a><\/div>\n\t\t\t\t\t\t\t<\/div>\n\t\t<\/div>\n\t<\/div>\n<\/div>\n<\/div><\/div><div id=\"pgc-gb4366-69e8dbebbf235-3-2\"  class=\"panel-grid-cell\" ><div id=\"panel-gb4366-69e8dbebbf235-3-2-0\" class=\"so-panel widget widget_themegrill_flash_team tg-widget tg-single-team panel-first-child panel-last-child\" data-index=\"8\" ><div class=\"tg-team-widget tg-team-layout-1\">\n\t<div class=\"team-wrapper\">\n\t\t\t\t<div class=\"team-img\">\n\t\t\t\t\t\t<img decoding=\"async\" src=\"https:\/\/www.e-cv.pt\/wp-content\/uploads\/2019\/06\/positiveHuman_vol2.png\" alt=\"Positive Human Functioning From a Multidimensional Perspective\"\/>\n\t\t<\/div>\n\t\t\t\t<div class=\"team-content-wrapper\">\n\t\t\t<div class=\"team-desc-wrapper\">\n\t\t\t\t<h3 class=\"team-title\">Positive Human Functioning From a Multidimensional Perspective<\/h3>\n\t\t\t\t<div class=\"team-designation\">A.R., Resende, R., &amp; Albuquerque, A. (Eds.) (2014)<\/div>\n\t\t\t\t<div class=\"team-content\">Promoting Healthy Lifestyle | Volume 2 | Psychology of Emotions, Motivations and Actions | Available <a href=\"https:\/\/www.ardh.pt\/documentos\/investigacao\/publicacoes\/liv4.pdf\" target=\"_blank\">here<\/a><\/div>\n\t\t\t\t\t\t\t<\/div>\n\t\t<\/div>\n\t<\/div>\n<\/div>\n<\/div><\/div><div id=\"pgc-gb4366-69e8dbebbf235-3-3\"  class=\"panel-grid-cell\" ><div id=\"panel-gb4366-69e8dbebbf235-3-3-0\" class=\"so-panel widget widget_themegrill_flash_team tg-widget tg-single-team panel-first-child panel-last-child\" data-index=\"9\" ><div class=\"tg-team-widget tg-team-layout-1\">\n\t<div class=\"team-wrapper\">\n\t\t\t\t<div class=\"team-img\">\n\t\t\t\t\t\t<img decoding=\"async\" src=\"https:\/\/www.e-cv.pt\/wp-content\/uploads\/2021\/02\/positiveHuman_vol3.png\" alt=\"Positive Human Functioning From a Multidimensional Perspective\"\/>\n\t\t<\/div>\n\t\t\t\t<div class=\"team-content-wrapper\">\n\t\t\t<div class=\"team-desc-wrapper\">\n\t\t\t\t<h3 class=\"team-title\">Positive Human Functioning From a Multidimensional Perspective<\/h3>\n\t\t\t\t<div class=\"team-designation\">A.R., Resende, R., &amp; Albuquerque, A. (Eds.) (2014)<\/div>\n\t\t\t\t<div class=\"team-content\">Promoting Stress Adaptation | Volume 3 | Psychology of Emotions, Motivations and Actions | Available <a href=\"https:\/\/www.ardh.pt\/documentos\/investigacao\/publicacoes\/liv5.pdf\" target=\"_blank\">here<\/a><\/div>\n\t\t\t\t\t\t\t<\/div>\n\t\t<\/div>\n\t<\/div>\n<\/div>\n<\/div><\/div><\/div><div id=\"pg-gb4366-69e8dbebbf235-4\"  class=\"panel-grid panel-no-style\" ><div id=\"pgc-gb4366-69e8dbebbf235-4-0\"  class=\"panel-grid-cell\" ><div id=\"panel-gb4366-69e8dbebbf235-4-0-0\" class=\"so-panel widget widget_themegrill_flash_team tg-widget tg-single-team panel-first-child panel-last-child\" data-index=\"10\" ><div class=\"tg-team-widget tg-team-layout-1\">\n\t<div class=\"team-wrapper\">\n\t\t\t\t<div class=\"team-img\">\n\t\t\t\t\t\t<img decoding=\"async\" src=\"https:\/\/www.ardh.pt\/wp-content\/uploads\/2024\/02\/1703714575.webp\" alt=\"Psicologia do Esporte - Da Escola \u00e0 Competi\u00e7\u00e3o\"\/>\n\t\t<\/div>\n\t\t\t\t<div class=\"team-content-wrapper\">\n\t\t\t<div class=\"team-desc-wrapper\">\n\t\t\t\t<h3 class=\"team-title\">Sports Psychology - From School to Competition<\/h3>\n\t\t\t\t<div class=\"team-designation\">Organisers: Afonso Antonio Machado and Rui Gomes<\/div>\n\t\t\t\t<div class=\"team-content\">1st edition - 2011 | 312 pages | Available <a>here<\/a> <\/div>\n\t\t\t\t\t\t\t<\/div>\n\t\t<\/div>\n\t<\/div>\n<\/div>\n<\/div><\/div><div id=\"pgc-gb4366-69e8dbebbf235-4-1\"  class=\"panel-grid-cell\" ><div id=\"panel-gb4366-69e8dbebbf235-4-1-0\" class=\"so-panel widget widget_themegrill_flash_team tg-widget tg-single-team panel-first-child panel-last-child\" data-index=\"11\" ><div class=\"tg-team-widget tg-team-layout-1\">\n\t<div class=\"team-wrapper\">\n\t\t\t\t<div class=\"team-img\">\n\t\t\t\t\t\t<img decoding=\"async\" src=\"https:\/\/www.e-cv.pt\/wp-content\/uploads\/2024\/01\/capture_20240122185645846.png\" alt=\"Promo\u00e7\u00e3o de experi\u00eancias positivas em crian\u00e7as e jovens: programa de compet\u00eancias de vida\"\/>\n\t\t<\/div>\n\t\t\t\t<div class=\"team-content-wrapper\">\n\t\t\t<div class=\"team-desc-wrapper\">\n\t\t\t\t<h3 class=\"team-title\">Promoting positive experiences in children and young people: life skills program<\/h3>\n\t\t\t\t<div class=\"team-designation\">Rui Gomes<\/div>\n\t\t\t\t<div class=\"team-content\">Manual for the monitor | 2010 | Available <a href=\"https:\/\/repositorium.sdum.uminho.pt\/handle\/1822\/19021\" target=\"_blank\">here<\/a><\/div>\n\t\t\t\t\t\t\t<\/div>\n\t\t<\/div>\n\t<\/div>\n<\/div>\n<\/div><\/div><div id=\"pgc-gb4366-69e8dbebbf235-4-2\"  class=\"panel-grid-cell\" ><div id=\"panel-gb4366-69e8dbebbf235-4-2-0\" class=\"so-panel widget widget_themegrill_flash_team tg-widget tg-single-team panel-first-child panel-last-child\" data-index=\"12\" ><div class=\"tg-team-widget tg-team-layout-1\">\n\t<div class=\"team-wrapper\">\n\t\t\t\t<div class=\"team-img\">\n\t\t\t\t\t\t<img decoding=\"async\" src=\"https:\/\/www.e-cv.pt\/wp-content\/uploads\/2024\/01\/capture_20240122185958368.png\" alt=\"Promo\u00e7\u00e3o de experi\u00eancias positivas em crian\u00e7as e jovens: programa de compet\u00eancias de vida\"\/>\n\t\t<\/div>\n\t\t\t\t<div class=\"team-content-wrapper\">\n\t\t\t<div class=\"team-desc-wrapper\">\n\t\t\t\t<h3 class=\"team-title\">Promoting positive experiences in children and young people: life skills program<\/h3>\n\t\t\t\t<div class=\"team-designation\">Rui Gomes<\/div>\n\t\t\t\t<div class=\"team-content\">Manual for participants - Part I: up to 10 years old; Part II: over 10 years old | 2010 | Available <a href=\"https:\/\/repositorium.sdum.uminho.pt\/handle\/1822\/19022\" target=\"_blank\">here<\/a><\/div>\n\t\t\t\t\t\t\t<\/div>\n\t\t<\/div>\n\t<\/div>\n<\/div>\n<\/div><\/div><\/div><div id=\"pg-gb4366-69e8dbebbf235-5\"  class=\"panel-grid panel-no-style\" ><div id=\"pgc-gb4366-69e8dbebbf235-5-0\"  class=\"panel-grid-cell panel-grid-cell-empty\" ><\/div><div id=\"pgc-gb4366-69e8dbebbf235-5-1\"  class=\"panel-grid-cell panel-grid-cell-empty panel-grid-cell-mobile-last\" ><\/div><div id=\"pgc-gb4366-69e8dbebbf235-5-2\"  class=\"panel-grid-cell panel-grid-cell-empty\" ><\/div><\/div><div id=\"pg-gb4366-69e8dbebbf235-6\"  class=\"panel-grid panel-no-style\" ><div id=\"pgc-gb4366-69e8dbebbf235-6-0\"  class=\"panel-grid-cell panel-grid-cell-empty\" ><\/div><div id=\"pgc-gb4366-69e8dbebbf235-6-1\"  class=\"panel-grid-cell panel-grid-cell-empty\" ><\/div><div id=\"pgc-gb4366-69e8dbebbf235-6-2\"  class=\"panel-grid-cell panel-grid-cell-empty panel-grid-cell-mobile-last\" ><\/div><div id=\"pgc-gb4366-69e8dbebbf235-6-3\"  class=\"panel-grid-cell panel-grid-cell-empty\" ><\/div><\/div><\/div>","protected":false},"excerpt":{"rendered":"","protected":false},"author":12,"featured_media":0,"parent":0,"menu_order":0,"comment_status":"closed","ping_status":"closed","template":"","meta":{"om_disable_all_campaigns":false,"_monsterinsights_skip_tracking":false,"_monsterinsights_sitenote_active":false,"_monsterinsights_sitenote_note":"","_monsterinsights_sitenote_category":0,"_uf_show_specific_survey":0,"_uf_disable_surveys":false,"footnotes":""},"class_list":["post-4366","page","type-page","status-publish","hentry"],"yoast_head":"<!-- This site is optimized with the Yoast SEO plugin v24.1 - https:\/\/yoast.com\/wordpress\/plugins\/seo\/ -->\n<title>Livros - ARDH-GI<\/title>\n<meta name=\"robots\" content=\"index, follow, max-snippet:-1, max-image-preview:large, max-video-preview:-1\" \/>\n<link rel=\"canonical\" href=\"https:\/\/www.ardh.pt\/en\/livros\/\" \/>\n<meta property=\"og:locale\" content=\"en_GB\" \/>\n<meta property=\"og:type\" content=\"article\" \/>\n<meta property=\"og:title\" content=\"Livros - ARDH-GI\" \/>\n<meta property=\"og:url\" content=\"https:\/\/www.ardh.pt\/en\/livros\/\" \/>\n<meta property=\"og:site_name\" content=\"ARDH-GI\" \/>\n<meta property=\"article:modified_time\" content=\"2024-08-31T17:20:46+00:00\" \/>\n<meta property=\"og:image\" content=\"https:\/\/www.ardh.pt\/wp-content\/uploads\/2024\/03\/capture_202403131127046671.png\" \/>\n<meta name=\"twitter:card\" content=\"summary_large_image\" \/>\n<meta name=\"twitter:label1\" content=\"Estimated reading time\" \/>\n\t<meta name=\"twitter:data1\" content=\"5 minutes\" \/>\n<script type=\"application\/ld+json\" class=\"yoast-schema-graph\">{\"@context\":\"https:\/\/schema.org\",\"@graph\":[{\"@type\":\"WebPage\",\"@id\":\"https:\/\/www.ardh.pt\/livros\/\",\"url\":\"https:\/\/www.ardh.pt\/livros\/\",\"name\":\"Livros - ARDH-GI\",\"isPartOf\":{\"@id\":\"https:\/\/www.ardh.pt\/#website\"},\"primaryImageOfPage\":{\"@id\":\"https:\/\/www.ardh.pt\/livros\/#primaryimage\"},\"image\":{\"@id\":\"https:\/\/www.ardh.pt\/livros\/#primaryimage\"},\"thumbnailUrl\":\"https:\/\/www.ardh.pt\/wp-content\/uploads\/2024\/03\/capture_202403131127046671.png\",\"datePublished\":\"2024-03-13T11:40:43+00:00\",\"dateModified\":\"2024-08-31T17:20:46+00:00\",\"breadcrumb\":{\"@id\":\"https:\/\/www.ardh.pt\/livros\/#breadcrumb\"},\"inLanguage\":\"en-GB\",\"potentialAction\":[{\"@type\":\"ReadAction\",\"target\":[\"https:\/\/www.ardh.pt\/livros\/\"]}]},{\"@type\":\"ImageObject\",\"inLanguage\":\"en-GB\",\"@id\":\"https:\/\/www.ardh.pt\/livros\/#primaryimage\",\"url\":\"https:\/\/www.ardh.pt\/wp-content\/uploads\/2024\/03\/capture_202403131127046671.png\",\"contentUrl\":\"https:\/\/www.ardh.pt\/wp-content\/uploads\/2024\/03\/capture_202403131127046671.png\"},{\"@type\":\"BreadcrumbList\",\"@id\":\"https:\/\/www.ardh.pt\/livros\/#breadcrumb\",\"itemListElement\":[{\"@type\":\"ListItem\",\"position\":1,\"name\":\"In\u00edcio\",\"item\":\"https:\/\/www.ardh.pt\/\"},{\"@type\":\"ListItem\",\"position\":2,\"name\":\"Livros\"}]},{\"@type\":\"WebSite\",\"@id\":\"https:\/\/www.ardh.pt\/#website\",\"url\":\"https:\/\/www.ardh.pt\/\",\"name\":\"ARDH-GI\",\"description\":\"Adapta\u00e7\u00e3o, Rendimento e Desenvolvimento Humano\",\"publisher\":{\"@id\":\"https:\/\/www.ardh.pt\/#organization\"},\"potentialAction\":[{\"@type\":\"SearchAction\",\"target\":{\"@type\":\"EntryPoint\",\"urlTemplate\":\"https:\/\/www.ardh.pt\/?s={search_term_string}\"},\"query-input\":{\"@type\":\"PropertyValueSpecification\",\"valueRequired\":true,\"valueName\":\"search_term_string\"}}],\"inLanguage\":\"en-GB\"},{\"@type\":\"Organization\",\"@id\":\"https:\/\/www.ardh.pt\/#organization\",\"name\":\"Adapta\u00e7\u00e3o Rendimento e Desenvolvimento Humano\",\"url\":\"https:\/\/www.ardh.pt\/\",\"logo\":{\"@type\":\"ImageObject\",\"inLanguage\":\"en-GB\",\"@id\":\"https:\/\/www.ardh.pt\/#\/schema\/logo\/image\/\",\"url\":\"https:\/\/www.ardh.pt\/wp-content\/uploads\/2018\/02\/Desenho-sem-nome-e1518629927584.png\",\"contentUrl\":\"https:\/\/www.ardh.pt\/wp-content\/uploads\/2018\/02\/Desenho-sem-nome-e1518629927584.png\",\"width\":300,\"height\":60,\"caption\":\"Adapta\u00e7\u00e3o Rendimento e Desenvolvimento Humano\"},\"image\":{\"@id\":\"https:\/\/www.ardh.pt\/#\/schema\/logo\/image\/\"}}]}<\/script>\n<!-- \/ Yoast SEO plugin. -->","yoast_head_json":{"title":"Livros - ARDH-GI","robots":{"index":"index","follow":"follow","max-snippet":"max-snippet:-1","max-image-preview":"max-image-preview:large","max-video-preview":"max-video-preview:-1"},"canonical":"https:\/\/www.ardh.pt\/en\/livros\/","og_locale":"en_GB","og_type":"article","og_title":"Livros - ARDH-GI","og_url":"https:\/\/www.ardh.pt\/en\/livros\/","og_site_name":"ARDH-GI","article_modified_time":"2024-08-31T17:20:46+00:00","og_image":[{"url":"https:\/\/www.ardh.pt\/wp-content\/uploads\/2024\/03\/capture_202403131127046671.png","type":"","width":"","height":""}],"twitter_card":"summary_large_image","twitter_misc":{"Estimated reading time":"5 minutes"},"schema":{"@context":"https:\/\/schema.org","@graph":[{"@type":"WebPage","@id":"https:\/\/www.ardh.pt\/livros\/","url":"https:\/\/www.ardh.pt\/livros\/","name":"Livros - ARDH-GI","isPartOf":{"@id":"https:\/\/www.ardh.pt\/#website"},"primaryImageOfPage":{"@id":"https:\/\/www.ardh.pt\/livros\/#primaryimage"},"image":{"@id":"https:\/\/www.ardh.pt\/livros\/#primaryimage"},"thumbnailUrl":"https:\/\/www.ardh.pt\/wp-content\/uploads\/2024\/03\/capture_202403131127046671.png","datePublished":"2024-03-13T11:40:43+00:00","dateModified":"2024-08-31T17:20:46+00:00","breadcrumb":{"@id":"https:\/\/www.ardh.pt\/livros\/#breadcrumb"},"inLanguage":"en-GB","potentialAction":[{"@type":"ReadAction","target":["https:\/\/www.ardh.pt\/livros\/"]}]},{"@type":"ImageObject","inLanguage":"en-GB","@id":"https:\/\/www.ardh.pt\/livros\/#primaryimage","url":"https:\/\/www.ardh.pt\/wp-content\/uploads\/2024\/03\/capture_202403131127046671.png","contentUrl":"https:\/\/www.ardh.pt\/wp-content\/uploads\/2024\/03\/capture_202403131127046671.png"},{"@type":"BreadcrumbList","@id":"https:\/\/www.ardh.pt\/livros\/#breadcrumb","itemListElement":[{"@type":"ListItem","position":1,"name":"In\u00edcio","item":"https:\/\/www.ardh.pt\/"},{"@type":"ListItem","position":2,"name":"Livros"}]},{"@type":"WebSite","@id":"https:\/\/www.ardh.pt\/#website","url":"https:\/\/www.ardh.pt\/","name":"ARDH-GI","description":"Adapta\u00e7\u00e3o, Rendimento e Desenvolvimento Humano","publisher":{"@id":"https:\/\/www.ardh.pt\/#organization"},"potentialAction":[{"@type":"SearchAction","target":{"@type":"EntryPoint","urlTemplate":"https:\/\/www.ardh.pt\/?s={search_term_string}"},"query-input":{"@type":"PropertyValueSpecification","valueRequired":true,"valueName":"search_term_string"}}],"inLanguage":"en-GB"},{"@type":"Organization","@id":"https:\/\/www.ardh.pt\/#organization","name":"Adapta\u00e7\u00e3o Rendimento e Desenvolvimento Humano","url":"https:\/\/www.ardh.pt\/","logo":{"@type":"ImageObject","inLanguage":"en-GB","@id":"https:\/\/www.ardh.pt\/#\/schema\/logo\/image\/","url":"https:\/\/www.ardh.pt\/wp-content\/uploads\/2018\/02\/Desenho-sem-nome-e1518629927584.png","contentUrl":"https:\/\/www.ardh.pt\/wp-content\/uploads\/2018\/02\/Desenho-sem-nome-e1518629927584.png","width":300,"height":60,"caption":"Adapta\u00e7\u00e3o Rendimento e Desenvolvimento Humano"},"image":{"@id":"https:\/\/www.ardh.pt\/#\/schema\/logo\/image\/"}}]}},"_links":{"self":[{"href":"https:\/\/www.ardh.pt\/en\/wp-json\/wp\/v2\/pages\/4366","targetHints":{"allow":["GET"]}}],"collection":[{"href":"https:\/\/www.ardh.pt\/en\/wp-json\/wp\/v2\/pages"}],"about":[{"href":"https:\/\/www.ardh.pt\/en\/wp-json\/wp\/v2\/types\/page"}],"author":[{"embeddable":true,"href":"https:\/\/www.ardh.pt\/en\/wp-json\/wp\/v2\/users\/12"}],"replies":[{"embeddable":true,"href":"https:\/\/www.ardh.pt\/en\/wp-json\/wp\/v2\/comments?post=4366"}],"version-history":[{"count":6,"href":"https:\/\/www.ardh.pt\/en\/wp-json\/wp\/v2\/pages\/4366\/revisions"}],"predecessor-version":[{"id":4502,"href":"https:\/\/www.ardh.pt\/en\/wp-json\/wp\/v2\/pages\/4366\/revisions\/4502"}],"wp:attachment":[{"href":"https:\/\/www.ardh.pt\/en\/wp-json\/wp\/v2\/media?parent=4366"}],"curies":[{"name":"wp","href":"https:\/\/api.w.org\/{rel}","templated":true}]}}