{"id":4788,"date":"2025-07-08T11:28:54","date_gmt":"2025-07-08T11:28:54","guid":{"rendered":"https:\/\/www.ardh.pt\/?page_id=4788"},"modified":"2025-09-13T11:53:00","modified_gmt":"2025-09-13T11:53:00","slug":"mot_publicacoes","status":"publish","type":"page","link":"https:\/\/www.ardh.pt\/en\/mot_publicacoes\/","title":{"rendered":"Motivation"},"content":{"rendered":"<p>&nbsp;<\/p>\n\n\n<div\n\t\t\t\n\t\t\tclass=\"so-widget-sow-image so-widget-sow-image-default-8b5b6f678277\"\n\t\t\t\n\t\t>\n\n<div class=\"sow-image-container\">\n\t\t<img loading=\"lazy\" decoding=\"async\" src=\"https:\/\/www.ardh.pt\/wp-content\/uploads\/2024\/02\/Publicacoes-Capa-scaled.jpg\" width=\"2560\" height=\"432\" srcset=\"https:\/\/www.ardh.pt\/wp-content\/uploads\/2024\/02\/Publicacoes-Capa-scaled.jpg 2560w, https:\/\/www.ardh.pt\/wp-content\/uploads\/2024\/02\/Publicacoes-Capa-300x51.jpg 300w, https:\/\/www.ardh.pt\/wp-content\/uploads\/2024\/02\/Publicacoes-Capa-1024x173.jpg 1024w, https:\/\/www.ardh.pt\/wp-content\/uploads\/2024\/02\/Publicacoes-Capa-768x129.jpg 768w, https:\/\/www.ardh.pt\/wp-content\/uploads\/2024\/02\/Publicacoes-Capa-1536x259.jpg 1536w, https:\/\/www.ardh.pt\/wp-content\/uploads\/2024\/02\/Publicacoes-Capa-2048x345.jpg 2048w, https:\/\/www.ardh.pt\/wp-content\/uploads\/2024\/02\/Publicacoes-Capa-18x3.jpg 18w\" sizes=\"auto, (max-width: 2560px) 100vw, 2560px\" title=\"Publica\u00e7\u00f5es Capa\" alt=\"\" \t\tclass=\"so-widget-image\"\/>\n\t<\/div>\n\n<\/div>\n\n<div\n\t\t\t\n\t\t\tclass=\"so-widget-sow-editor so-widget-sow-editor-base\"\n\t\t\t\n\t\t>\n<div class=\"siteorigin-widget-tinymce textwidget\">\n\t<h2>Publications<\/h2>\n<\/div>\n<\/div>\n\n\n<p>Picoli, R.M.M., Gomes, A.R., &amp; Bueno, J.L.O (2022). Cross-cultural adaptation of the 3\u00d72 Achievement Goal Questionnaire for Sport in Brazil. <em>Motriz-Revista de Educac\u00e3o F\u00edsica, 28<\/em>, e10220003422. https:\/\/doi.org\/10.1590\/s1980-657420220003422. <a href=\"https:\/\/hdl.handle.net\/1822\/79971\">See more<\/a><\/p>\n\n\n\n<hr class=\"wp-block-separator has-alpha-channel-opacity\"\/>\n\n\n\n<p>Gomes, A. R., S\u00e1, P., &amp; Sousa, S. (2004). Os efeitos da formula\u00e7\u00e3o de objectivos sobre o rendimento desportivo de duas equipas de andebol s\u00e9nior [The effects of goal-setting on sports performance of two professional handball teams]. <em>An\u00e1lise Psicol\u00f3gica, XXII(<\/em>4), 721-736. <a href=\"http:\/\/hdl.handle.net\/1822\/4593\">See more <\/a><\/p>\n\n\n\n<hr class=\"wp-block-separator has-alpha-channel-opacity\"\/>\n\n\n\n<p>Gomes, A. R., S\u00e1, P., &amp; Sousa, A. S. (2001). Melhoria do rendimento desportivo atrav\u00e9s da aplica\u00e7\u00e3o de um programa de formula\u00e7\u00e3o de objectivos: Uma interven\u00e7\u00e3o no andebol de alta competi\u00e7\u00e3o [The improvement of sport performance with the implementation of a goal-setting program: An intervention in elite handball]. <em>Psicologia: Teoria, Investiga\u00e7\u00e3o e Pr\u00e1tica, 6<\/em>(2), 393-414. <a href=\"http:\/\/hdl.handle.net\/1822\/3904\">See more <\/a><\/p>\n\n\n\n<p>&nbsp;<\/p>","protected":false},"excerpt":{"rendered":"<p>&nbsp; Picoli, R.M.M., Gomes, A.R., &amp; Bueno, J.L.O (2022). Cross-cultural adaptation of the 3\u00d72 Achievement Goal Questionnaire for Sport in [&hellip;]<\/p>","protected":false},"author":7,"featured_media":0,"parent":0,"menu_order":0,"comment_status":"closed","ping_status":"closed","template":"","meta":{"om_disable_all_campaigns":false,"_monsterinsights_skip_tracking":false,"_monsterinsights_sitenote_active":false,"_monsterinsights_sitenote_note":"","_monsterinsights_sitenote_category":0,"_uf_show_specific_survey":0,"_uf_disable_surveys":false,"footnotes":""},"class_list":["post-4788","page","type-page","status-publish","hentry"],"yoast_head":"<!-- This site is optimized with the Yoast SEO plugin v24.1 - https:\/\/yoast.com\/wordpress\/plugins\/seo\/ -->\n<title>Motiva\u00e7\u00e3o - ARDH-GI<\/title>\n<meta name=\"robots\" content=\"index, follow, max-snippet:-1, max-image-preview:large, max-video-preview:-1\" \/>\n<link rel=\"canonical\" href=\"https:\/\/www.ardh.pt\/en\/mot_publicacoes\/\" \/>\n<meta property=\"og:locale\" content=\"en_GB\" \/>\n<meta property=\"og:type\" content=\"article\" \/>\n<meta property=\"og:title\" content=\"Motiva\u00e7\u00e3o - ARDH-GI\" \/>\n<meta property=\"og:description\" content=\"&nbsp; Picoli, R.M.M., Gomes, A.R., &amp; Bueno, J.L.O (2022). Cross-cultural adaptation of the 3\u00d72 Achievement Goal Questionnaire for Sport in [&hellip;]\" \/>\n<meta property=\"og:url\" content=\"https:\/\/www.ardh.pt\/en\/mot_publicacoes\/\" \/>\n<meta property=\"og:site_name\" content=\"ARDH-GI\" \/>\n<meta property=\"article:modified_time\" content=\"2025-09-13T11:53:00+00:00\" \/>\n<meta name=\"twitter:card\" content=\"summary_large_image\" \/>\n<meta name=\"twitter:label1\" content=\"Estimated reading time\" \/>\n\t<meta name=\"twitter:data1\" content=\"1 minute\" \/>\n<script type=\"application\/ld+json\" class=\"yoast-schema-graph\">{\"@context\":\"https:\/\/schema.org\",\"@graph\":[{\"@type\":\"WebPage\",\"@id\":\"https:\/\/www.ardh.pt\/mot_publicacoes\/\",\"url\":\"https:\/\/www.ardh.pt\/mot_publicacoes\/\",\"name\":\"Motiva\u00e7\u00e3o - ARDH-GI\",\"isPartOf\":{\"@id\":\"https:\/\/www.ardh.pt\/#website\"},\"datePublished\":\"2025-07-08T11:28:54+00:00\",\"dateModified\":\"2025-09-13T11:53:00+00:00\",\"breadcrumb\":{\"@id\":\"https:\/\/www.ardh.pt\/mot_publicacoes\/#breadcrumb\"},\"inLanguage\":\"en-GB\",\"potentialAction\":[{\"@type\":\"ReadAction\",\"target\":[\"https:\/\/www.ardh.pt\/mot_publicacoes\/\"]}]},{\"@type\":\"BreadcrumbList\",\"@id\":\"https:\/\/www.ardh.pt\/mot_publicacoes\/#breadcrumb\",\"itemListElement\":[{\"@type\":\"ListItem\",\"position\":1,\"name\":\"In\u00edcio\",\"item\":\"https:\/\/www.ardh.pt\/\"},{\"@type\":\"ListItem\",\"position\":2,\"name\":\"Motiva\u00e7\u00e3o\"}]},{\"@type\":\"WebSite\",\"@id\":\"https:\/\/www.ardh.pt\/#website\",\"url\":\"https:\/\/www.ardh.pt\/\",\"name\":\"ARDH-GI\",\"description\":\"Adapta\u00e7\u00e3o, Rendimento e Desenvolvimento Humano\",\"publisher\":{\"@id\":\"https:\/\/www.ardh.pt\/#organization\"},\"potentialAction\":[{\"@type\":\"SearchAction\",\"target\":{\"@type\":\"EntryPoint\",\"urlTemplate\":\"https:\/\/www.ardh.pt\/?s={search_term_string}\"},\"query-input\":{\"@type\":\"PropertyValueSpecification\",\"valueRequired\":true,\"valueName\":\"search_term_string\"}}],\"inLanguage\":\"en-GB\"},{\"@type\":\"Organization\",\"@id\":\"https:\/\/www.ardh.pt\/#organization\",\"name\":\"Adapta\u00e7\u00e3o Rendimento e Desenvolvimento Humano\",\"url\":\"https:\/\/www.ardh.pt\/\",\"logo\":{\"@type\":\"ImageObject\",\"inLanguage\":\"en-GB\",\"@id\":\"https:\/\/www.ardh.pt\/#\/schema\/logo\/image\/\",\"url\":\"https:\/\/www.ardh.pt\/wp-content\/uploads\/2018\/02\/Desenho-sem-nome-e1518629927584.png\",\"contentUrl\":\"https:\/\/www.ardh.pt\/wp-content\/uploads\/2018\/02\/Desenho-sem-nome-e1518629927584.png\",\"width\":300,\"height\":60,\"caption\":\"Adapta\u00e7\u00e3o Rendimento e Desenvolvimento Humano\"},\"image\":{\"@id\":\"https:\/\/www.ardh.pt\/#\/schema\/logo\/image\/\"}}]}<\/script>\n<!-- \/ Yoast SEO plugin. -->","yoast_head_json":{"title":"Motiva\u00e7\u00e3o - ARDH-GI","robots":{"index":"index","follow":"follow","max-snippet":"max-snippet:-1","max-image-preview":"max-image-preview:large","max-video-preview":"max-video-preview:-1"},"canonical":"https:\/\/www.ardh.pt\/en\/mot_publicacoes\/","og_locale":"en_GB","og_type":"article","og_title":"Motiva\u00e7\u00e3o - ARDH-GI","og_description":"&nbsp; Picoli, R.M.M., Gomes, A.R., &amp; Bueno, J.L.O (2022). Cross-cultural adaptation of the 3\u00d72 Achievement Goal Questionnaire for Sport in [&hellip;]","og_url":"https:\/\/www.ardh.pt\/en\/mot_publicacoes\/","og_site_name":"ARDH-GI","article_modified_time":"2025-09-13T11:53:00+00:00","twitter_card":"summary_large_image","twitter_misc":{"Estimated reading time":"1 minute"},"schema":{"@context":"https:\/\/schema.org","@graph":[{"@type":"WebPage","@id":"https:\/\/www.ardh.pt\/mot_publicacoes\/","url":"https:\/\/www.ardh.pt\/mot_publicacoes\/","name":"Motiva\u00e7\u00e3o - ARDH-GI","isPartOf":{"@id":"https:\/\/www.ardh.pt\/#website"},"datePublished":"2025-07-08T11:28:54+00:00","dateModified":"2025-09-13T11:53:00+00:00","breadcrumb":{"@id":"https:\/\/www.ardh.pt\/mot_publicacoes\/#breadcrumb"},"inLanguage":"en-GB","potentialAction":[{"@type":"ReadAction","target":["https:\/\/www.ardh.pt\/mot_publicacoes\/"]}]},{"@type":"BreadcrumbList","@id":"https:\/\/www.ardh.pt\/mot_publicacoes\/#breadcrumb","itemListElement":[{"@type":"ListItem","position":1,"name":"In\u00edcio","item":"https:\/\/www.ardh.pt\/"},{"@type":"ListItem","position":2,"name":"Motiva\u00e7\u00e3o"}]},{"@type":"WebSite","@id":"https:\/\/www.ardh.pt\/#website","url":"https:\/\/www.ardh.pt\/","name":"ARDH-GI","description":"Adapta\u00e7\u00e3o, Rendimento e Desenvolvimento Humano","publisher":{"@id":"https:\/\/www.ardh.pt\/#organization"},"potentialAction":[{"@type":"SearchAction","target":{"@type":"EntryPoint","urlTemplate":"https:\/\/www.ardh.pt\/?s={search_term_string}"},"query-input":{"@type":"PropertyValueSpecification","valueRequired":true,"valueName":"search_term_string"}}],"inLanguage":"en-GB"},{"@type":"Organization","@id":"https:\/\/www.ardh.pt\/#organization","name":"Adapta\u00e7\u00e3o Rendimento e Desenvolvimento Humano","url":"https:\/\/www.ardh.pt\/","logo":{"@type":"ImageObject","inLanguage":"en-GB","@id":"https:\/\/www.ardh.pt\/#\/schema\/logo\/image\/","url":"https:\/\/www.ardh.pt\/wp-content\/uploads\/2018\/02\/Desenho-sem-nome-e1518629927584.png","contentUrl":"https:\/\/www.ardh.pt\/wp-content\/uploads\/2018\/02\/Desenho-sem-nome-e1518629927584.png","width":300,"height":60,"caption":"Adapta\u00e7\u00e3o Rendimento e Desenvolvimento Humano"},"image":{"@id":"https:\/\/www.ardh.pt\/#\/schema\/logo\/image\/"}}]}},"_links":{"self":[{"href":"https:\/\/www.ardh.pt\/en\/wp-json\/wp\/v2\/pages\/4788","targetHints":{"allow":["GET"]}}],"collection":[{"href":"https:\/\/www.ardh.pt\/en\/wp-json\/wp\/v2\/pages"}],"about":[{"href":"https:\/\/www.ardh.pt\/en\/wp-json\/wp\/v2\/types\/page"}],"author":[{"embeddable":true,"href":"https:\/\/www.ardh.pt\/en\/wp-json\/wp\/v2\/users\/7"}],"replies":[{"embeddable":true,"href":"https:\/\/www.ardh.pt\/en\/wp-json\/wp\/v2\/comments?post=4788"}],"version-history":[{"count":7,"href":"https:\/\/www.ardh.pt\/en\/wp-json\/wp\/v2\/pages\/4788\/revisions"}],"predecessor-version":[{"id":4848,"href":"https:\/\/www.ardh.pt\/en\/wp-json\/wp\/v2\/pages\/4788\/revisions\/4848"}],"wp:attachment":[{"href":"https:\/\/www.ardh.pt\/en\/wp-json\/wp\/v2\/media?parent=4788"}],"curies":[{"name":"wp","href":"https:\/\/api.w.org\/{rel}","templated":true}]}}