{"id":4801,"date":"2025-07-08T11:44:59","date_gmt":"2025-07-08T11:44:59","guid":{"rendered":"https:\/\/www.ardh.pt\/?page_id=4801"},"modified":"2025-07-09T08:31:51","modified_gmt":"2025-07-09T08:31:51","slug":"mot_apresentacoes-2","status":"publish","type":"page","link":"https:\/\/www.ardh.pt\/en\/mot_apresentacoes-2\/","title":{"rendered":"Presentations"},"content":{"rendered":"<div id=\"pl-4801\"  class=\"panel-layout\" ><div id=\"pg-4801-0\"  class=\"panel-grid panel-no-style\" ><div id=\"pgc-4801-0-0\"  class=\"panel-grid-cell\" ><div id=\"panel-4801-0-0-0\" class=\"so-panel widget widget_themegrill_flash_heading tg-widget section-title-wrapper panel-first-child\" data-index=\"0\" >\t<h3 class=\"section-title\">Prop\u00f3sitos de vida e processos motivacionais: O Pro\u25cfAtuar!<\/h3>\n<\/div><div id=\"panel-4801-0-0-1\" class=\"so-panel widget widget_sow-editor\" data-index=\"1\" ><div\n\t\t\t\n\t\t\tclass=\"so-widget-sow-editor so-widget-sow-editor-base\"\n\t\t\t\n\t\t>\n<div class=\"siteorigin-widget-tinymce textwidget\">\n\t<p style=\"text-align: center;\">Gomes, A. R. (2025, junho)<br \/>\nOral presentation<br \/>\nCursos Alian\u00e7a P\u00f3s-Gradua\u00e7\u00e3o UMinho | Encerramento<br \/>\nBraga, Portugal<br \/>\nLanguage: Portuguese<\/p>\n<\/div>\n<\/div><\/div><div id=\"panel-4801-0-0-2\" class=\"so-panel widget widget_sow-button panel-last-child\" data-index=\"2\" ><div\n\t\t\t\n\t\t\tclass=\"so-widget-sow-button so-widget-sow-button-atom-5d3aa18b367b-4801\"\n\t\t\t\n\t\t><div class=\"ow-button-base ow-button-align-center\">\n\t\t\t<a\n\t\t\t\t\thref=\"https:\/\/youtu.be\/MlVz04Sbl04\"\n\t\t\t\t\tclass=\"sowb-button ow-icon-placement-left ow-button-hover\" target=\"_blank\" rel=\"noopener noreferrer\" \t>\n\t\t<span>\n\t\t\t\n\t\t\tMore information\t\t<\/span>\n\t\t\t<\/a>\n\t<\/div>\n<\/div><\/div><\/div><div id=\"pgc-4801-0-1\"  class=\"panel-grid-cell\" ><div id=\"panel-4801-0-1-0\" class=\"so-panel widget widget_themegrill_flash_image tg-widget tg-image-widget panel-first-child panel-last-child\" data-index=\"3\" >\t<img decoding=\"async\" src=\"https:\/\/www.ardh.pt\/wp-content\/uploads\/2025\/07\/pro_atuar-scaled.jpg\" \/>\n<\/div><\/div><\/div><\/div>","protected":false},"excerpt":{"rendered":"<p>Gomes, A. R. (2025, junho) Comunica\u00e7\u00e3o oral Cursos Alian\u00e7a P\u00f3s-Gradua\u00e7\u00e3o UMinho | Encerramento Braga, Portugal Idioma: Portugu\u00eas<\/p>","protected":false},"author":7,"featured_media":0,"parent":0,"menu_order":0,"comment_status":"closed","ping_status":"closed","template":"page-templates\/full-width.php","meta":{"om_disable_all_campaigns":false,"_monsterinsights_skip_tracking":false,"_monsterinsights_sitenote_active":false,"_monsterinsights_sitenote_note":"","_monsterinsights_sitenote_category":0,"_uf_show_specific_survey":0,"_uf_disable_surveys":false,"footnotes":""},"class_list":["post-4801","page","type-page","status-publish","hentry"],"yoast_head":"<!-- This site is optimized with the Yoast SEO plugin v24.1 - https:\/\/yoast.com\/wordpress\/plugins\/seo\/ -->\n<title>Apresenta\u00e7\u00f5es - ARDH-GI<\/title>\n<meta name=\"robots\" content=\"index, follow, max-snippet:-1, max-image-preview:large, max-video-preview:-1\" \/>\n<link rel=\"canonical\" href=\"https:\/\/www.ardh.pt\/en\/mot_apresentacoes-2\/\" \/>\n<meta property=\"og:locale\" content=\"en_GB\" \/>\n<meta property=\"og:type\" content=\"article\" \/>\n<meta property=\"og:title\" content=\"Apresenta\u00e7\u00f5es - ARDH-GI\" \/>\n<meta property=\"og:description\" content=\"Gomes, A. R. (2025, junho) Comunica\u00e7\u00e3o oral Cursos Alian\u00e7a P\u00f3s-Gradua\u00e7\u00e3o UMinho | Encerramento Braga, Portugal Idioma: Portugu\u00eas\" \/>\n<meta property=\"og:url\" content=\"https:\/\/www.ardh.pt\/en\/mot_apresentacoes-2\/\" \/>\n<meta property=\"og:site_name\" content=\"ARDH-GI\" \/>\n<meta property=\"article:modified_time\" content=\"2025-07-09T08:31:51+00:00\" \/>\n<meta name=\"twitter:card\" content=\"summary_large_image\" \/>\n<meta name=\"twitter:label1\" content=\"Estimated reading time\" \/>\n\t<meta name=\"twitter:data1\" content=\"1 minute\" \/>\n<script type=\"application\/ld+json\" class=\"yoast-schema-graph\">{\"@context\":\"https:\/\/schema.org\",\"@graph\":[{\"@type\":\"WebPage\",\"@id\":\"https:\/\/www.ardh.pt\/mot_apresentacoes-2\/\",\"url\":\"https:\/\/www.ardh.pt\/mot_apresentacoes-2\/\",\"name\":\"Apresenta\u00e7\u00f5es - ARDH-GI\",\"isPartOf\":{\"@id\":\"https:\/\/www.ardh.pt\/#website\"},\"datePublished\":\"2025-07-08T11:44:59+00:00\",\"dateModified\":\"2025-07-09T08:31:51+00:00\",\"breadcrumb\":{\"@id\":\"https:\/\/www.ardh.pt\/mot_apresentacoes-2\/#breadcrumb\"},\"inLanguage\":\"en-GB\",\"potentialAction\":[{\"@type\":\"ReadAction\",\"target\":[\"https:\/\/www.ardh.pt\/mot_apresentacoes-2\/\"]}]},{\"@type\":\"BreadcrumbList\",\"@id\":\"https:\/\/www.ardh.pt\/mot_apresentacoes-2\/#breadcrumb\",\"itemListElement\":[{\"@type\":\"ListItem\",\"position\":1,\"name\":\"In\u00edcio\",\"item\":\"https:\/\/www.ardh.pt\/\"},{\"@type\":\"ListItem\",\"position\":2,\"name\":\"Apresenta\u00e7\u00f5es\"}]},{\"@type\":\"WebSite\",\"@id\":\"https:\/\/www.ardh.pt\/#website\",\"url\":\"https:\/\/www.ardh.pt\/\",\"name\":\"ARDH-GI\",\"description\":\"Adapta\u00e7\u00e3o, Rendimento e Desenvolvimento Humano\",\"publisher\":{\"@id\":\"https:\/\/www.ardh.pt\/#organization\"},\"potentialAction\":[{\"@type\":\"SearchAction\",\"target\":{\"@type\":\"EntryPoint\",\"urlTemplate\":\"https:\/\/www.ardh.pt\/?s={search_term_string}\"},\"query-input\":{\"@type\":\"PropertyValueSpecification\",\"valueRequired\":true,\"valueName\":\"search_term_string\"}}],\"inLanguage\":\"en-GB\"},{\"@type\":\"Organization\",\"@id\":\"https:\/\/www.ardh.pt\/#organization\",\"name\":\"Adapta\u00e7\u00e3o Rendimento e Desenvolvimento Humano\",\"url\":\"https:\/\/www.ardh.pt\/\",\"logo\":{\"@type\":\"ImageObject\",\"inLanguage\":\"en-GB\",\"@id\":\"https:\/\/www.ardh.pt\/#\/schema\/logo\/image\/\",\"url\":\"https:\/\/www.ardh.pt\/wp-content\/uploads\/2018\/02\/Desenho-sem-nome-e1518629927584.png\",\"contentUrl\":\"https:\/\/www.ardh.pt\/wp-content\/uploads\/2018\/02\/Desenho-sem-nome-e1518629927584.png\",\"width\":300,\"height\":60,\"caption\":\"Adapta\u00e7\u00e3o Rendimento e Desenvolvimento Humano\"},\"image\":{\"@id\":\"https:\/\/www.ardh.pt\/#\/schema\/logo\/image\/\"}}]}<\/script>\n<!-- \/ Yoast SEO plugin. -->","yoast_head_json":{"title":"Apresenta\u00e7\u00f5es - ARDH-GI","robots":{"index":"index","follow":"follow","max-snippet":"max-snippet:-1","max-image-preview":"max-image-preview:large","max-video-preview":"max-video-preview:-1"},"canonical":"https:\/\/www.ardh.pt\/en\/mot_apresentacoes-2\/","og_locale":"en_GB","og_type":"article","og_title":"Apresenta\u00e7\u00f5es - ARDH-GI","og_description":"Gomes, A. R. (2025, junho) Comunica\u00e7\u00e3o oral Cursos Alian\u00e7a P\u00f3s-Gradua\u00e7\u00e3o UMinho | Encerramento Braga, Portugal Idioma: Portugu\u00eas","og_url":"https:\/\/www.ardh.pt\/en\/mot_apresentacoes-2\/","og_site_name":"ARDH-GI","article_modified_time":"2025-07-09T08:31:51+00:00","twitter_card":"summary_large_image","twitter_misc":{"Estimated reading time":"1 minute"},"schema":{"@context":"https:\/\/schema.org","@graph":[{"@type":"WebPage","@id":"https:\/\/www.ardh.pt\/mot_apresentacoes-2\/","url":"https:\/\/www.ardh.pt\/mot_apresentacoes-2\/","name":"Apresenta\u00e7\u00f5es - ARDH-GI","isPartOf":{"@id":"https:\/\/www.ardh.pt\/#website"},"datePublished":"2025-07-08T11:44:59+00:00","dateModified":"2025-07-09T08:31:51+00:00","breadcrumb":{"@id":"https:\/\/www.ardh.pt\/mot_apresentacoes-2\/#breadcrumb"},"inLanguage":"en-GB","potentialAction":[{"@type":"ReadAction","target":["https:\/\/www.ardh.pt\/mot_apresentacoes-2\/"]}]},{"@type":"BreadcrumbList","@id":"https:\/\/www.ardh.pt\/mot_apresentacoes-2\/#breadcrumb","itemListElement":[{"@type":"ListItem","position":1,"name":"In\u00edcio","item":"https:\/\/www.ardh.pt\/"},{"@type":"ListItem","position":2,"name":"Apresenta\u00e7\u00f5es"}]},{"@type":"WebSite","@id":"https:\/\/www.ardh.pt\/#website","url":"https:\/\/www.ardh.pt\/","name":"ARDH-GI","description":"Adapta\u00e7\u00e3o, Rendimento e Desenvolvimento Humano","publisher":{"@id":"https:\/\/www.ardh.pt\/#organization"},"potentialAction":[{"@type":"SearchAction","target":{"@type":"EntryPoint","urlTemplate":"https:\/\/www.ardh.pt\/?s={search_term_string}"},"query-input":{"@type":"PropertyValueSpecification","valueRequired":true,"valueName":"search_term_string"}}],"inLanguage":"en-GB"},{"@type":"Organization","@id":"https:\/\/www.ardh.pt\/#organization","name":"Adapta\u00e7\u00e3o Rendimento e Desenvolvimento Humano","url":"https:\/\/www.ardh.pt\/","logo":{"@type":"ImageObject","inLanguage":"en-GB","@id":"https:\/\/www.ardh.pt\/#\/schema\/logo\/image\/","url":"https:\/\/www.ardh.pt\/wp-content\/uploads\/2018\/02\/Desenho-sem-nome-e1518629927584.png","contentUrl":"https:\/\/www.ardh.pt\/wp-content\/uploads\/2018\/02\/Desenho-sem-nome-e1518629927584.png","width":300,"height":60,"caption":"Adapta\u00e7\u00e3o Rendimento e Desenvolvimento Humano"},"image":{"@id":"https:\/\/www.ardh.pt\/#\/schema\/logo\/image\/"}}]}},"_links":{"self":[{"href":"https:\/\/www.ardh.pt\/en\/wp-json\/wp\/v2\/pages\/4801","targetHints":{"allow":["GET"]}}],"collection":[{"href":"https:\/\/www.ardh.pt\/en\/wp-json\/wp\/v2\/pages"}],"about":[{"href":"https:\/\/www.ardh.pt\/en\/wp-json\/wp\/v2\/types\/page"}],"author":[{"embeddable":true,"href":"https:\/\/www.ardh.pt\/en\/wp-json\/wp\/v2\/users\/7"}],"replies":[{"embeddable":true,"href":"https:\/\/www.ardh.pt\/en\/wp-json\/wp\/v2\/comments?post=4801"}],"version-history":[{"count":2,"href":"https:\/\/www.ardh.pt\/en\/wp-json\/wp\/v2\/pages\/4801\/revisions"}],"predecessor-version":[{"id":4820,"href":"https:\/\/www.ardh.pt\/en\/wp-json\/wp\/v2\/pages\/4801\/revisions\/4820"}],"wp:attachment":[{"href":"https:\/\/www.ardh.pt\/en\/wp-json\/wp\/v2\/media?parent=4801"}],"curies":[{"name":"wp","href":"https:\/\/api.w.org\/{rel}","templated":true}]}}